{"id":18263,"date":"2025-01-19T15:57:28","date_gmt":"2025-01-19T14:57:28","guid":{"rendered":"https:\/\/max-emden.de\/wordpress\/?page_id=18263"},"modified":"2025-08-19T09:54:46","modified_gmt":"2025-08-19T07:54:46","slug":"drachenboot-ag","status":"publish","type":"page","link":"https:\/\/max-emden.de\/wordpress\/drachenboot-ag\/","title":{"rendered":"Drachenboot-AG"},"content":{"rendered":"<p>Seit Jahren nimmt das Max erfolgreich an der Hafenmeile und EmdenRund teil, doch abgesehen<br \/>\ndavon gibt es noch einige weitere Regatten, an denen wir teilnehmen k\u00f6nnten. Wenn Du Lust hast,<br \/>\nregelm\u00e4\u00dfig zu trainieren und beim Paddeln Spa\u00df zu haben, bist Du in dieser AG richtig!<\/p>\n<p>Interessierte sind herzlich willkommen!<\/p>\n<p><a href=\"mailto:kai.gembler@max-emden.net\">Herr Gembler<\/a><\/p>\n<p><a href=\"https:\/\/max-emden.de\/wordpress\/wp-content\/uploads\/2023\/07\/Drachenboot-Hafenmeile-2023-5.jpg\"><img fetchpriority=\"high\" decoding=\"async\" class=\"alignnone size-medium wp-image-15830\" src=\"https:\/\/max-emden.de\/wordpress\/wp-content\/uploads\/2023\/07\/Drachenboot-Hafenmeile-2023-5-300x169.jpg\" alt=\"\" width=\"300\" height=\"169\" srcset=\"https:\/\/max-emden.de\/wordpress\/wp-content\/uploads\/2023\/07\/Drachenboot-Hafenmeile-2023-5-300x169.jpg 300w, https:\/\/max-emden.de\/wordpress\/wp-content\/uploads\/2023\/07\/Drachenboot-Hafenmeile-2023-5-1024x577.jpg 1024w, https:\/\/max-emden.de\/wordpress\/wp-content\/uploads\/2023\/07\/Drachenboot-Hafenmeile-2023-5-768x432.jpg 768w, https:\/\/max-emden.de\/wordpress\/wp-content\/uploads\/2023\/07\/Drachenboot-Hafenmeile-2023-5-1536x865.jpg 1536w, https:\/\/max-emden.de\/wordpress\/wp-content\/uploads\/2023\/07\/Drachenboot-Hafenmeile-2023-5-2048x1153.jpg 2048w, https:\/\/max-emden.de\/wordpress\/wp-content\/uploads\/2023\/07\/Drachenboot-Hafenmeile-2023-5-388x220.jpg 388w\" sizes=\"(max-width: 300px) 100vw, 300px\" \/><\/a><\/p>\n","protected":false},"excerpt":{"rendered":"<p>Seit Jahren nimmt das Max erfolgreich an der Hafenmeile und EmdenRund teil, doch abgesehen davon gibt es noch einige weitere Regatten, an denen wir teilnehmen<a class=\"moretag\" href=\"https:\/\/max-emden.de\/wordpress\/drachenboot-ag\/\"> [&#8230;]<\/a><\/p>\n","protected":false},"author":19,"featured_media":0,"parent":0,"menu_order":0,"comment_status":"closed","ping_status":"closed","template":"","meta":{"footnotes":""},"class_list":["post-18263","page","type-page","status-publish","hentry"],"_links":{"self":[{"href":"https:\/\/max-emden.de\/wordpress\/wp-json\/wp\/v2\/pages\/18263","targetHints":{"allow":["GET"]}}],"collection":[{"href":"https:\/\/max-emden.de\/wordpress\/wp-json\/wp\/v2\/pages"}],"about":[{"href":"https:\/\/max-emden.de\/wordpress\/wp-json\/wp\/v2\/types\/page"}],"author":[{"embeddable":true,"href":"https:\/\/max-emden.de\/wordpress\/wp-json\/wp\/v2\/users\/19"}],"replies":[{"embeddable":true,"href":"https:\/\/max-emden.de\/wordpress\/wp-json\/wp\/v2\/comments?post=18263"}],"version-history":[{"count":5,"href":"https:\/\/max-emden.de\/wordpress\/wp-json\/wp\/v2\/pages\/18263\/revisions"}],"predecessor-version":[{"id":20188,"href":"https:\/\/max-emden.de\/wordpress\/wp-json\/wp\/v2\/pages\/18263\/revisions\/20188"}],"wp:attachment":[{"href":"https:\/\/max-emden.de\/wordpress\/wp-json\/wp\/v2\/media?parent=18263"}],"curies":[{"name":"wp","href":"https:\/\/api.w.org\/{rel}","templated":true}]}}