{"id":18277,"date":"2025-01-19T16:15:15","date_gmt":"2025-01-19T15:15:15","guid":{"rendered":"https:\/\/max-emden.de\/wordpress\/?page_id=18277"},"modified":"2025-08-26T20:40:49","modified_gmt":"2025-08-26T18:40:49","slug":"paten-ag","status":"publish","type":"page","link":"https:\/\/max-emden.de\/wordpress\/paten-ag\/","title":{"rendered":"Pat:innen 2026"},"content":{"rendered":"<p>Die Paten sind Sch\u00fclerinnen und Sch\u00fcler des 11. Jahrgangs, die in besonderer Weise die neuen F\u00fcnftkl\u00e4ssler am Max-Windm\u00fcller-Gymnasium begleiten. So kannst du schon einmal in die soziale Arbeit mit Kindern hineinschnuppern und gleichzeitig unsere Schulgemeinschaft st\u00e4rken.<\/p>\n<p>W\u00e4hrend des 2. Halbjahres der 10. Klasse werden dazu p\u00e4dagogische Grundkenntnisse und Ideen vermittelt, um mit den jungen Sch\u00fclerinnen und Sch\u00fclern ins Gespr\u00e4ch zu kommen. Im ersten Halbjahr des n\u00e4chsten Schuljahres werden diese Ideen in gemeinsamen Projekten, Sozialem Lernen und Exkursionen in Kooperation mit den Klassenlehrern des 5. Jahrgangs angewendet.<\/p>\n<p>Bei Interesse oder Fragen wende dich an <a href=\"mailto:vanessa.walz@max-emden.net\">Frau Walz<\/a>.<\/p>\n<p>Ort und Zeit obliegen AG-internen Absprachen<\/p>\n","protected":false},"excerpt":{"rendered":"<p>Die Paten sind Sch\u00fclerinnen und Sch\u00fcler des 11. Jahrgangs, die in besonderer Weise die neuen F\u00fcnftkl\u00e4ssler am Max-Windm\u00fcller-Gymnasium begleiten. So kannst du schon einmal in<a class=\"moretag\" href=\"https:\/\/max-emden.de\/wordpress\/paten-ag\/\"> [&#8230;]<\/a><\/p>\n","protected":false},"author":19,"featured_media":0,"parent":0,"menu_order":0,"comment_status":"closed","ping_status":"closed","template":"","meta":{"footnotes":""},"class_list":["post-18277","page","type-page","status-publish","hentry"],"_links":{"self":[{"href":"https:\/\/max-emden.de\/wordpress\/wp-json\/wp\/v2\/pages\/18277","targetHints":{"allow":["GET"]}}],"collection":[{"href":"https:\/\/max-emden.de\/wordpress\/wp-json\/wp\/v2\/pages"}],"about":[{"href":"https:\/\/max-emden.de\/wordpress\/wp-json\/wp\/v2\/types\/page"}],"author":[{"embeddable":true,"href":"https:\/\/max-emden.de\/wordpress\/wp-json\/wp\/v2\/users\/19"}],"replies":[{"embeddable":true,"href":"https:\/\/max-emden.de\/wordpress\/wp-json\/wp\/v2\/comments?post=18277"}],"version-history":[{"count":4,"href":"https:\/\/max-emden.de\/wordpress\/wp-json\/wp\/v2\/pages\/18277\/revisions"}],"predecessor-version":[{"id":20249,"href":"https:\/\/max-emden.de\/wordpress\/wp-json\/wp\/v2\/pages\/18277\/revisions\/20249"}],"wp:attachment":[{"href":"https:\/\/max-emden.de\/wordpress\/wp-json\/wp\/v2\/media?parent=18277"}],"curies":[{"name":"wp","href":"https:\/\/api.w.org\/{rel}","templated":true}]}}