{"id":18804,"date":"2025-02-23T10:55:31","date_gmt":"2025-02-23T09:55:31","guid":{"rendered":"https:\/\/max-emden.de\/wordpress\/?page_id=18804"},"modified":"2025-02-23T11:08:54","modified_gmt":"2025-02-23T10:08:54","slug":"englisch","status":"publish","type":"page","link":"https:\/\/max-emden.de\/wordpress\/englisch\/","title":{"rendered":"Englisch"},"content":{"rendered":"\t\t<div data-elementor-type=\"wp-page\" data-elementor-id=\"18804\" class=\"elementor elementor-18804\" data-elementor-post-type=\"page\">\n\t\t\t\t\t\t<section class=\"elementor-section elementor-top-section elementor-element elementor-element-82df727 elementor-section-boxed elementor-section-height-default elementor-section-height-default\" data-id=\"82df727\" data-element_type=\"section\" data-e-type=\"section\">\n\t\t\t\t\t\t<div class=\"elementor-container elementor-column-gap-default\">\n\t\t\t\t\t<div class=\"elementor-column elementor-col-100 elementor-top-column elementor-element elementor-element-c3ecd4c\" data-id=\"c3ecd4c\" data-element_type=\"column\" data-e-type=\"column\">\n\t\t\t<div class=\"elementor-widget-wrap elementor-element-populated\">\n\t\t\t\t\t\t<div class=\"elementor-element elementor-element-827bb00 elementor-align-center elementor-widget elementor-widget-button\" data-id=\"827bb00\" data-element_type=\"widget\" data-e-type=\"widget\" data-widget_type=\"button.default\">\n\t\t\t\t<div class=\"elementor-widget-container\">\n\t\t\t\t\t\t\t\t\t<div class=\"elementor-button-wrapper\">\n\t\t\t\t\t<a class=\"elementor-button elementor-button-link elementor-size-lg\" href=\"https:\/\/max-emden.de\/wordpress\/category\/englisch\/\">\n\t\t\t\t\t\t<span class=\"elementor-button-content-wrapper\">\n\t\t\t\t\t\t\t\t\t<span class=\"elementor-button-text\"> \u00a0\u00a0\u00a0 \u00a0\u00a0\u00a0\u00a0 \u00a0\u00a0\u00a0- Aktuelles -  \u00a0\u00a0\u00a0\u00a0 \u00a0\u00a0\u00a0\u00a0\u00a0\u00a0<\/span>\n\t\t\t\t\t<\/span>\n\t\t\t\t\t<\/a>\n\t\t\t\t<\/div>\n\t\t\t\t\t\t\t\t<\/div>\n\t\t\t\t<\/div>\n\t\t\t\t\t<\/div>\n\t\t<\/div>\n\t\t\t\t\t<\/div>\n\t\t<\/section>\n\t\t\t\t<section class=\"elementor-section elementor-top-section elementor-element elementor-element-eb58fc7 elementor-section-boxed elementor-section-height-default elementor-section-height-default\" data-id=\"eb58fc7\" data-element_type=\"section\" data-e-type=\"section\">\n\t\t\t\t\t\t<div class=\"elementor-container elementor-column-gap-default\">\n\t\t\t\t\t<div class=\"elementor-column elementor-col-100 elementor-top-column elementor-element elementor-element-db7beaa\" data-id=\"db7beaa\" data-element_type=\"column\" data-e-type=\"column\">\n\t\t\t<div class=\"elementor-widget-wrap elementor-element-populated\">\n\t\t\t\t\t\t<div class=\"elementor-element elementor-element-f282612 elementor-widget elementor-widget-image\" data-id=\"f282612\" data-element_type=\"widget\" data-e-type=\"widget\" data-widget_type=\"image.default\">\n\t\t\t\t<div class=\"elementor-widget-container\">\n\t\t\t\t\t\t\t\t\t\t\t\t\t\t\t<img fetchpriority=\"high\" decoding=\"async\" width=\"640\" height=\"426\" src=\"https:\/\/max-emden.de\/wordpress\/wp-content\/uploads\/2016\/08\/Englisch_1472226963-e1740304464567.jpg\" class=\"attachment-full size-full wp-image-2824\" alt=\"\" srcset=\"https:\/\/max-emden.de\/wordpress\/wp-content\/uploads\/2016\/08\/Englisch_1472226963-e1740304464567.jpg 640w, https:\/\/max-emden.de\/wordpress\/wp-content\/uploads\/2016\/08\/Englisch_1472226963-e1740304464567-300x200.jpg 300w\" sizes=\"(max-width: 640px) 100vw, 640px\" \/>\t\t\t\t\t\t\t\t\t\t\t\t\t\t\t<\/div>\n\t\t\t\t<\/div>\n\t\t\t\t\t<\/div>\n\t\t<\/div>\n\t\t\t\t\t<\/div>\n\t\t<\/section>\n\t\t\t\t<section class=\"elementor-section elementor-top-section elementor-element elementor-element-c0db7a1 elementor-section-boxed elementor-section-height-default elementor-section-height-default\" data-id=\"c0db7a1\" data-element_type=\"section\" data-e-type=\"section\">\n\t\t\t\t\t\t<div class=\"elementor-container elementor-column-gap-default\">\n\t\t\t\t\t<div class=\"elementor-column elementor-col-100 elementor-top-column elementor-element elementor-element-3b9c1ec\" data-id=\"3b9c1ec\" data-element_type=\"column\" data-e-type=\"column\">\n\t\t\t<div class=\"elementor-widget-wrap elementor-element-populated\">\n\t\t\t\t\t\t<div class=\"elementor-element elementor-element-e3acc41 elementor-widget elementor-widget-text-editor\" data-id=\"e3acc41\" data-element_type=\"widget\" data-e-type=\"widget\" data-widget_type=\"text-editor.default\">\n\t\t\t\t<div class=\"elementor-widget-container\">\n\t\t\t\t\t\t\t\t\t<h2 align=\"JUSTIFY\"><strong>Die Fachgruppe Englisch stellt sich vor:<\/strong><\/h2><p align=\"JUSTIFY\"><strong>Fachkollegium (Stand Oktober 2024)<\/strong><\/p><ul><li>Frau Ayachi<\/li><li>Frau Benmalou<\/li><li>Frau Eber<\/li><li>Frau Fresemann<\/li><li>Frau Friedrich<\/li><li>Frau Greite<\/li><li>Frau Harms (Fachobfrau)<\/li><li>Herr Ott<\/li><li>Herr Richter<\/li><li>Frau R\u00fcsch gen. Klaas<\/li><li>Frau Schilling<\/li><li>Herr Schmidt<\/li><li>Herr Tapper<\/li><li>Frau Walz<\/li><\/ul><p align=\"JUSTIFY\">Englisch ist am Max-Windm\u00fcller-Gymnasium f\u00fcr alle Sch\u00fclerinnen und Sch\u00fcler die erste Fremdsprache. Es ist das Ziel des Englischunterrichts, die Sch\u00fcler interkulturell handlungsf\u00e4hig zu machen: Sie sollen sich in der englischen Sprache schriftlich wie m\u00fcndlich verst\u00e4ndlich machen k\u00f6nnen.<\/p>\t\t\t\t\t\t\t\t<\/div>\n\t\t\t\t<\/div>\n\t\t\t\t\t<\/div>\n\t\t<\/div>\n\t\t\t\t\t<\/div>\n\t\t<\/section>\n\t\t\t\t<section class=\"elementor-section elementor-top-section elementor-element elementor-element-e98477f elementor-section-boxed elementor-section-height-default elementor-section-height-default\" data-id=\"e98477f\" data-element_type=\"section\" data-e-type=\"section\">\n\t\t\t\t\t\t<div class=\"elementor-container elementor-column-gap-default\">\n\t\t\t\t\t<div class=\"elementor-column elementor-col-100 elementor-top-column elementor-element elementor-element-f399a85\" data-id=\"f399a85\" data-element_type=\"column\" data-e-type=\"column\">\n\t\t\t<div class=\"elementor-widget-wrap elementor-element-populated\">\n\t\t\t\t\t\t<div class=\"elementor-element elementor-element-d1b7f27 elementor-widget elementor-widget-text-editor\" data-id=\"d1b7f27\" data-element_type=\"widget\" data-e-type=\"widget\" data-widget_type=\"text-editor.default\">\n\t\t\t\t<div class=\"elementor-widget-container\">\n\t\t\t\t\t\t\t\t\t<h2 align=\"JUSTIFY\"><strong>Unterricht<\/strong><\/h2><p align=\"JUSTIFY\"><strong>Klasse 5-10 (Sekundarstufe I)<\/strong><\/p><p align=\"JUSTIFY\">Hier liegt der Schwerpunkt zum Einen auf dem Fremdspracherwerb generell, zum Anderen auf dem Erwerb von landeskundlichem Wissen \u00fcber die verschiedenen englischsprachigen L\u00e4nder. Es gilt, die Kompetenzen Sprechen, H\u00f6ren, Schreiben und Lesen im Unterricht zu trainieren, die korrekte Aussprache einzu\u00fcben, den Wortschatz zu erweitern und korrekte Strukturen anzuwenden, um innerhalb der Sekundarstufe I das Ziel zu erreichen, sich immer besser verst\u00e4ndigen zu k\u00f6nnen. Die Kompetenz Sprechen wird pro Doppeljahrgang einmal in einer Sprechpr\u00fcfung (anstelle einer Klassenarbeit) abgepr\u00fcft. Die Sprechpr\u00fcfungen am Max finden in den Jahrg\u00e4ngen 6, 8 und 9 statt.<\/p><p align=\"JUSTIFY\"><a href=\"https:\/\/bildungsportal-niedersachsen.de\/allgemeinbildung\/unterrichtsfaecher\/sprachen-und-literatur\/englisch-sek-i\" target=\"_blank\" rel=\"noopener noreferrer\">Englisch am Gymnasium Klasse 5-10 (Nieders\u00e4chsischer Bildungsserver)<\/a><\/p><p align=\"JUSTIFY\"><strong>Klasse 11-13 (Sekundarstufe II)<\/strong><\/p><p align=\"JUSTIFY\">In der Einf\u00fchrungs- und Qualifikationsphase werden die in der Sekundarstufe I erworbenen F\u00e4higkeiten in Grund- und Leistungskursen erweitert und verbessert. Die Sch\u00fclerinnen und Sch\u00fcler k\u00f6nnen sich im Abitur schriftlich wie m\u00fcndlich pr\u00fcfen lassen (grundlegendes und erh\u00f6htes Niveau).<\/p><p><a href=\"https:\/\/bildungsportal-niedersachsen.de\/allgemeinbildung\/unterrichtsfaecher\/sprachen-und-literatur\/englisch-sek-ii\" target=\"_blank\" rel=\"noopener noreferrer\">Englisch in der gymnasialen Oberstufe (Nieders\u00e4chsischer Bildungsserver)<\/a><\/p><p><a href=\"https:\/\/bildungsportal-niedersachsen.de\/allgemeinbildung\/zentrale-arbeiten\/zentralabitur\/zentralabitur\/2025\">Abitur 2025<\/a><\/p><p><a href=\"https:\/\/bildungsportal-niedersachsen.de\/allgemeinbildung\/zentrale-arbeiten\/zentralabitur\/zentralabitur\/2026\">Abitur 2026<\/a><\/p><h2 align=\"JUSTIFY\"><strong>Besondere Angebote des Fachbereichs Englisch:<\/strong><\/h2><ul><li>Klasse 5\/6: zus\u00e4tzlicher F\u00f6rderunterricht<\/li><li><a href=\"https:\/\/max-emden.de\/wordpress\/english-film-club\/\">Klasse 7-10: AG &#8222;English Film Club&#8220; im Bereich Begabtenf\u00f6rderung<\/a><\/li><li><a href=\"https:\/\/max-emden.de\/wordpress\/esol-examinations\/\">ab Klasse 10: Cambridge language certificate im Bereich Begabtenf\u00f6rderung<\/a><\/li><li>ab Klasse 11: Austausch mit Rochester (USA)<\/li><\/ul>\t\t\t\t\t\t\t\t<\/div>\n\t\t\t\t<\/div>\n\t\t\t\t\t<\/div>\n\t\t<\/div>\n\t\t\t\t\t<\/div>\n\t\t<\/section>\n\t\t\t\t<\/div>\n\t\t","protected":false},"excerpt":{"rendered":"<p>&#8211; Aktuelles &#8211; Die Fachgruppe Englisch stellt sich vor: Fachkollegium (Stand Oktober 2024) Frau Ayachi Frau Benmalou Frau Eber Frau Fresemann Frau Friedrich Frau Greite<a class=\"moretag\" href=\"https:\/\/max-emden.de\/wordpress\/englisch\/\"> [&#8230;]<\/a><\/p>\n","protected":false},"author":19,"featured_media":2824,"parent":0,"menu_order":0,"comment_status":"closed","ping_status":"closed","template":"","meta":{"footnotes":""},"class_list":["post-18804","page","type-page","status-publish","has-post-thumbnail","hentry"],"_links":{"self":[{"href":"https:\/\/max-emden.de\/wordpress\/wp-json\/wp\/v2\/pages\/18804","targetHints":{"allow":["GET"]}}],"collection":[{"href":"https:\/\/max-emden.de\/wordpress\/wp-json\/wp\/v2\/pages"}],"about":[{"href":"https:\/\/max-emden.de\/wordpress\/wp-json\/wp\/v2\/types\/page"}],"author":[{"embeddable":true,"href":"https:\/\/max-emden.de\/wordpress\/wp-json\/wp\/v2\/users\/19"}],"replies":[{"embeddable":true,"href":"https:\/\/max-emden.de\/wordpress\/wp-json\/wp\/v2\/comments?post=18804"}],"version-history":[{"count":7,"href":"https:\/\/max-emden.de\/wordpress\/wp-json\/wp\/v2\/pages\/18804\/revisions"}],"predecessor-version":[{"id":18825,"href":"https:\/\/max-emden.de\/wordpress\/wp-json\/wp\/v2\/pages\/18804\/revisions\/18825"}],"wp:featuredmedia":[{"embeddable":true,"href":"https:\/\/max-emden.de\/wordpress\/wp-json\/wp\/v2\/media\/2824"}],"wp:attachment":[{"href":"https:\/\/max-emden.de\/wordpress\/wp-json\/wp\/v2\/media?parent=18804"}],"curies":[{"name":"wp","href":"https:\/\/api.w.org\/{rel}","templated":true}]}}