{"id":18829,"date":"2025-02-25T09:13:17","date_gmt":"2025-02-25T08:13:17","guid":{"rendered":"https:\/\/max-emden.de\/wordpress\/?page_id=18829"},"modified":"2025-08-19T09:53:36","modified_gmt":"2025-08-19T07:53:36","slug":"volleyball-ag","status":"publish","type":"page","link":"https:\/\/max-emden.de\/wordpress\/volleyball-ag\/","title":{"rendered":"Volleyball-AG"},"content":{"rendered":"<p>Die Volleyball AG richtet sich an Sch\u00fclerinnen und Sch\u00fcler der Jahrgangsstufen 7-13<br \/>\nund steht allen offen, die Freude an einer bewegungsintensiven Sportart haben.<a href=\"https:\/\/max-emden.de\/wordpress\/wp-content\/uploads\/2016\/08\/Volleyball_1472245627.jpg\"><img decoding=\"async\" class=\"wp-image-2858 alignright\" src=\"https:\/\/max-emden.de\/wordpress\/wp-content\/uploads\/2016\/08\/Volleyball_1472245627-300x238.jpg\" alt=\"\" width=\"214\" height=\"170\" srcset=\"https:\/\/max-emden.de\/wordpress\/wp-content\/uploads\/2016\/08\/Volleyball_1472245627-300x238.jpg 300w, https:\/\/max-emden.de\/wordpress\/wp-content\/uploads\/2016\/08\/Volleyball_1472245627.jpg 640w\" sizes=\"(max-width: 214px) 100vw, 214px\" \/><\/a><\/p>\n<p>Vorerfahrungen sind von Vorteil, aber nicht zwingend erforderlich. In der AG werden<br \/>\ntechnische und taktische Grundlagen ge\u00fcbt, Fertigkeiten weiterentwickelt und vor<br \/>\nallem soll der Spielspa\u00df gef\u00f6rdert werden. Das Training erfolgt in Gruppen, die nach<br \/>\nLeistungsstand eingeteilt werden. Wer sich als talentiert und engagiert zeigt, hat die<br \/>\nM\u00f6glichkeit, sich dem Wettkampfsport zu n\u00e4hern und dann auch an Schulwettk\u00e4mpfen<br \/>\nteilzunehmen.<\/p>\n<p><strong>Wo?<\/strong> MAX Sporthalle<br \/>\n<strong>Wann?<\/strong> Mittwochs in der 7.\/8. Stunde<br \/>\n<strong>Was muss ich mitbringen?<\/strong> Sportkleidung, Trinken, Knieschoner (wenn vorhanden)<\/p>\n<p><strong>Leitung:<\/strong> <a href=\"mailto:mara.termoehlen@max-emden.net\">Fr. Term\u00f6hlen<\/a><\/p>\n","protected":false},"excerpt":{"rendered":"<p>Die Volleyball AG richtet sich an Sch\u00fclerinnen und Sch\u00fcler der Jahrgangsstufen 7-13 und steht allen offen, die Freude an einer bewegungsintensiven Sportart haben. Vorerfahrungen sind<a class=\"moretag\" href=\"https:\/\/max-emden.de\/wordpress\/volleyball-ag\/\"> [&#8230;]<\/a><\/p>\n","protected":false},"author":19,"featured_media":0,"parent":0,"menu_order":0,"comment_status":"closed","ping_status":"closed","template":"","meta":{"footnotes":""},"class_list":["post-18829","page","type-page","status-publish","hentry"],"_links":{"self":[{"href":"https:\/\/max-emden.de\/wordpress\/wp-json\/wp\/v2\/pages\/18829","targetHints":{"allow":["GET"]}}],"collection":[{"href":"https:\/\/max-emden.de\/wordpress\/wp-json\/wp\/v2\/pages"}],"about":[{"href":"https:\/\/max-emden.de\/wordpress\/wp-json\/wp\/v2\/types\/page"}],"author":[{"embeddable":true,"href":"https:\/\/max-emden.de\/wordpress\/wp-json\/wp\/v2\/users\/19"}],"replies":[{"embeddable":true,"href":"https:\/\/max-emden.de\/wordpress\/wp-json\/wp\/v2\/comments?post=18829"}],"version-history":[{"count":6,"href":"https:\/\/max-emden.de\/wordpress\/wp-json\/wp\/v2\/pages\/18829\/revisions"}],"predecessor-version":[{"id":20187,"href":"https:\/\/max-emden.de\/wordpress\/wp-json\/wp\/v2\/pages\/18829\/revisions\/20187"}],"wp:attachment":[{"href":"https:\/\/max-emden.de\/wordpress\/wp-json\/wp\/v2\/media?parent=18829"}],"curies":[{"name":"wp","href":"https:\/\/api.w.org\/{rel}","templated":true}]}}