{"id":18869,"date":"2025-02-25T14:18:37","date_gmt":"2025-02-25T13:18:37","guid":{"rendered":"https:\/\/max-emden.de\/wordpress\/?page_id=18869"},"modified":"2025-02-25T14:21:04","modified_gmt":"2025-02-25T13:21:04","slug":"latein","status":"publish","type":"page","link":"https:\/\/max-emden.de\/wordpress\/latein\/","title":{"rendered":"Latein"},"content":{"rendered":"\t\t<div data-elementor-type=\"wp-page\" data-elementor-id=\"18869\" class=\"elementor elementor-18869\" data-elementor-post-type=\"page\">\n\t\t\t\t\t\t<section class=\"elementor-section elementor-top-section elementor-element elementor-element-9c4db11 elementor-section-boxed elementor-section-height-default elementor-section-height-default\" data-id=\"9c4db11\" data-element_type=\"section\" data-e-type=\"section\">\n\t\t\t\t\t\t<div class=\"elementor-container elementor-column-gap-default\">\n\t\t\t\t\t<div class=\"elementor-column elementor-col-100 elementor-top-column elementor-element elementor-element-ccf925c\" data-id=\"ccf925c\" data-element_type=\"column\" data-e-type=\"column\">\n\t\t\t<div class=\"elementor-widget-wrap elementor-element-populated\">\n\t\t\t\t\t\t<div class=\"elementor-element elementor-element-febcd9d elementor-widget elementor-widget-heading\" data-id=\"febcd9d\" data-element_type=\"widget\" data-e-type=\"widget\" data-widget_type=\"heading.default\">\n\t\t\t\t<div class=\"elementor-widget-container\">\n\t\t\t\t\t<h2 class=\"elementor-heading-title elementor-size-default\">Die Fachgruppe Latein stellt sich vor<\/h2>\t\t\t\t<\/div>\n\t\t\t\t<\/div>\n\t\t\t\t\t<\/div>\n\t\t<\/div>\n\t\t\t\t\t<\/div>\n\t\t<\/section>\n\t\t\t\t<section class=\"elementor-section elementor-top-section elementor-element elementor-element-39e8a8a elementor-section-boxed elementor-section-height-default elementor-section-height-default\" data-id=\"39e8a8a\" data-element_type=\"section\" data-e-type=\"section\">\n\t\t\t\t\t\t<div class=\"elementor-container elementor-column-gap-default\">\n\t\t\t\t\t<div class=\"elementor-column elementor-col-25 elementor-top-column elementor-element elementor-element-e60995c\" data-id=\"e60995c\" data-element_type=\"column\" data-e-type=\"column\">\n\t\t\t<div class=\"elementor-widget-wrap elementor-element-populated\">\n\t\t\t\t\t\t<div class=\"elementor-element elementor-element-5cd0434 elementor-invisible elementor-widget elementor-widget-image\" data-id=\"5cd0434\" data-element_type=\"widget\" data-e-type=\"widget\" data-settings=\"{&quot;_animation&quot;:&quot;fadeIn&quot;}\" data-widget_type=\"image.default\">\n\t\t\t\t<div class=\"elementor-widget-container\">\n\t\t\t\t\t\t\t\t\t\t\t\t<figure class=\"wp-caption\">\n\t\t\t\t\t\t\t\t\t\t<img fetchpriority=\"high\" decoding=\"async\" width=\"747\" height=\"498\" src=\"https:\/\/max-emden.de\/wordpress\/wp-content\/uploads\/2020\/10\/R\u00fcsch_gen_Klaas-1024x683.jpg\" class=\"attachment-large size-large wp-image-10130\" alt=\"\" srcset=\"https:\/\/max-emden.de\/wordpress\/wp-content\/uploads\/2020\/10\/R\u00fcsch_gen_Klaas-1024x683.jpg 1024w, https:\/\/max-emden.de\/wordpress\/wp-content\/uploads\/2020\/10\/R\u00fcsch_gen_Klaas-300x200.jpg 300w, https:\/\/max-emden.de\/wordpress\/wp-content\/uploads\/2020\/10\/R\u00fcsch_gen_Klaas-768x512.jpg 768w, https:\/\/max-emden.de\/wordpress\/wp-content\/uploads\/2020\/10\/R\u00fcsch_gen_Klaas.jpg 2048w\" sizes=\"(max-width: 747px) 100vw, 747px\" \/>\t\t\t\t\t\t\t\t\t\t\t<figcaption class=\"widget-image-caption wp-caption-text\">Dr. Ute R\u00fcsch gen. Klaas (La\/En)<\/figcaption>\n\t\t\t\t\t\t\t\t\t\t<\/figure>\n\t\t\t\t\t\t\t\t\t<\/div>\n\t\t\t\t<\/div>\n\t\t\t\t\t<\/div>\n\t\t<\/div>\n\t\t\t\t<div class=\"elementor-column elementor-col-25 elementor-top-column elementor-element elementor-element-5b8aaec\" data-id=\"5b8aaec\" data-element_type=\"column\" data-e-type=\"column\">\n\t\t\t<div class=\"elementor-widget-wrap elementor-element-populated\">\n\t\t\t\t\t\t<div class=\"elementor-element elementor-element-252cd8f elementor-invisible elementor-widget elementor-widget-image\" data-id=\"252cd8f\" data-element_type=\"widget\" data-e-type=\"widget\" data-settings=\"{&quot;_animation&quot;:&quot;fadeIn&quot;}\" data-widget_type=\"image.default\">\n\t\t\t\t<div class=\"elementor-widget-container\">\n\t\t\t\t\t\t\t\t\t\t\t\t<figure class=\"wp-caption\">\n\t\t\t\t\t\t\t\t\t\t<img decoding=\"async\" width=\"747\" height=\"498\" src=\"https:\/\/max-emden.de\/wordpress\/wp-content\/uploads\/2020\/10\/Kr\u00fcp-1024x683.jpg\" class=\"attachment-large size-large wp-image-10226\" alt=\"\" srcset=\"https:\/\/max-emden.de\/wordpress\/wp-content\/uploads\/2020\/10\/Kr\u00fcp-1024x683.jpg 1024w, https:\/\/max-emden.de\/wordpress\/wp-content\/uploads\/2020\/10\/Kr\u00fcp-300x200.jpg 300w, https:\/\/max-emden.de\/wordpress\/wp-content\/uploads\/2020\/10\/Kr\u00fcp-768x512.jpg 768w, https:\/\/max-emden.de\/wordpress\/wp-content\/uploads\/2020\/10\/Kr\u00fcp.jpg 2048w\" sizes=\"(max-width: 747px) 100vw, 747px\" \/>\t\t\t\t\t\t\t\t\t\t\t<figcaption class=\"widget-image-caption wp-caption-text\">Lisa Kr\u00fcp (La\/Mu)<\/figcaption>\n\t\t\t\t\t\t\t\t\t\t<\/figure>\n\t\t\t\t\t\t\t\t\t<\/div>\n\t\t\t\t<\/div>\n\t\t\t\t\t<\/div>\n\t\t<\/div>\n\t\t\t\t<div class=\"elementor-column elementor-col-25 elementor-top-column elementor-element elementor-element-2e08e47\" data-id=\"2e08e47\" data-element_type=\"column\" data-e-type=\"column\">\n\t\t\t<div class=\"elementor-widget-wrap elementor-element-populated\">\n\t\t\t\t\t\t<div class=\"elementor-element elementor-element-806d2df elementor-invisible elementor-widget elementor-widget-image\" data-id=\"806d2df\" data-element_type=\"widget\" data-e-type=\"widget\" data-settings=\"{&quot;_animation&quot;:&quot;fadeIn&quot;}\" data-widget_type=\"image.default\">\n\t\t\t\t<div class=\"elementor-widget-container\">\n\t\t\t\t\t\t\t\t\t\t\t\t<figure class=\"wp-caption\">\n\t\t\t\t\t\t\t\t\t\t<img decoding=\"async\" width=\"747\" height=\"498\" src=\"https:\/\/max-emden.de\/wordpress\/wp-content\/uploads\/2020\/10\/Stenke_1-1024x683.jpg\" class=\"attachment-large size-large wp-image-10238\" alt=\"\" srcset=\"https:\/\/max-emden.de\/wordpress\/wp-content\/uploads\/2020\/10\/Stenke_1-1024x683.jpg 1024w, https:\/\/max-emden.de\/wordpress\/wp-content\/uploads\/2020\/10\/Stenke_1-300x200.jpg 300w, https:\/\/max-emden.de\/wordpress\/wp-content\/uploads\/2020\/10\/Stenke_1-768x512.jpg 768w, https:\/\/max-emden.de\/wordpress\/wp-content\/uploads\/2020\/10\/Stenke_1.jpg 2048w\" sizes=\"(max-width: 747px) 100vw, 747px\" \/>\t\t\t\t\t\t\t\t\t\t\t<figcaption class=\"widget-image-caption wp-caption-text\">Martin Stenke (Fachobmann) (La\/Ge)<\/figcaption>\n\t\t\t\t\t\t\t\t\t\t<\/figure>\n\t\t\t\t\t\t\t\t\t<\/div>\n\t\t\t\t<\/div>\n\t\t\t\t\t<\/div>\n\t\t<\/div>\n\t\t\t\t<div class=\"elementor-column elementor-col-25 elementor-top-column elementor-element elementor-element-1669c28\" data-id=\"1669c28\" data-element_type=\"column\" data-e-type=\"column\">\n\t\t\t<div class=\"elementor-widget-wrap elementor-element-populated\">\n\t\t\t\t\t\t<div class=\"elementor-element elementor-element-9d6c2c9 elementor-invisible elementor-widget elementor-widget-image\" data-id=\"9d6c2c9\" data-element_type=\"widget\" data-e-type=\"widget\" data-settings=\"{&quot;_animation&quot;:&quot;fadeIn&quot;}\" data-widget_type=\"image.default\">\n\t\t\t\t<div class=\"elementor-widget-container\">\n\t\t\t\t\t\t\t\t\t\t\t\t<figure class=\"wp-caption\">\n\t\t\t\t\t\t\t\t\t\t<img loading=\"lazy\" decoding=\"async\" width=\"747\" height=\"498\" src=\"https:\/\/max-emden.de\/wordpress\/wp-content\/uploads\/2022\/01\/Thees-1024x683.jpg\" class=\"attachment-large size-large wp-image-13603\" alt=\"\" srcset=\"https:\/\/max-emden.de\/wordpress\/wp-content\/uploads\/2022\/01\/Thees-1024x683.jpg 1024w, https:\/\/max-emden.de\/wordpress\/wp-content\/uploads\/2022\/01\/Thees-300x200.jpg 300w, https:\/\/max-emden.de\/wordpress\/wp-content\/uploads\/2022\/01\/Thees-768x512.jpg 768w, https:\/\/max-emden.de\/wordpress\/wp-content\/uploads\/2022\/01\/Thees-1536x1024.jpg 1536w, https:\/\/max-emden.de\/wordpress\/wp-content\/uploads\/2022\/01\/Thees-2048x1365.jpg 2048w\" sizes=\"(max-width: 747px) 100vw, 747px\" \/>\t\t\t\t\t\t\t\t\t\t\t<figcaption class=\"widget-image-caption wp-caption-text\">Frauke Thees (La\/Re)<\/figcaption>\n\t\t\t\t\t\t\t\t\t\t<\/figure>\n\t\t\t\t\t\t\t\t\t<\/div>\n\t\t\t\t<\/div>\n\t\t\t\t\t<\/div>\n\t\t<\/div>\n\t\t\t\t\t<\/div>\n\t\t<\/section>\n\t\t\t\t<section class=\"elementor-section elementor-top-section elementor-element elementor-element-dee14e8 elementor-section-boxed elementor-section-height-default elementor-section-height-default\" data-id=\"dee14e8\" data-element_type=\"section\" data-e-type=\"section\">\n\t\t\t\t\t\t<div class=\"elementor-container elementor-column-gap-default\">\n\t\t\t\t\t<div class=\"elementor-column elementor-col-100 elementor-top-column elementor-element elementor-element-dcdf91c\" data-id=\"dcdf91c\" data-element_type=\"column\" data-e-type=\"column\">\n\t\t\t<div class=\"elementor-widget-wrap elementor-element-populated\">\n\t\t\t\t\t\t<div class=\"elementor-element elementor-element-71ced42 elementor-widget elementor-widget-text-editor\" data-id=\"71ced42\" data-element_type=\"widget\" data-e-type=\"widget\" data-widget_type=\"text-editor.default\">\n\t\t\t\t<div class=\"elementor-widget-container\">\n\t\t\t\t\t\t\t\t\t<p align=\"CENTER\"><strong><span style=\"font-family: Arial, sans-serif;\"><u>Unterricht<\/u><\/span><\/strong><\/p><p align=\"CENTER\"><strong><span style=\"font-family: Arial, sans-serif;\"><u>Sekundarstufe I<\/u><\/span><\/strong><\/p><p align=\"CENTER\"><a href=\"https:\/\/www.nibis.de\/latein-im-sekundarbereich-i_12594\"><span style=\"font-family: Arial, sans-serif;\">Kerncurriculum der Sekundarstufe I und weitere Hinweise<\/span><\/a><\/p><p align=\"CENTER\"><a href=\"https:\/\/max-emden.de\/wordpress\/wp-content\/uploads\/2020\/10\/HC-Max-Latein.pdf\"><span style=\"font-family: Arial, sans-serif;\">Schulinterner Lehrplan<\/span><\/a><\/p><p align=\"CENTER\"><strong><span style=\"font-family: Arial, sans-serif;\"><u>Sekundarstufe II<\/u><\/span><\/strong><\/p><p align=\"CENTER\"><a style=\"font-size: 16px;\" href=\"https:\/\/www.nibis.de\/latein-im-sekundarbereich-i_12594\" target=\"_blank\" rel=\"noopener\">Kerncurriculum der Sekundarstufe II, Einheitliche Pr\u00fcfungsanforderungen und weitere Hinweise<\/a><\/p><p align=\"CENTER\"><a href=\"https:\/\/max-emden.de\/wordpress\/wp-content\/uploads\/2025\/02\/05LateinHinweise2025.pdf\">Fachbezogene Hinweise Zentralabitur 2025<\/a><\/p><p align=\"CENTER\"><u><a href=\"https:\/\/max-emden.de\/wordpress\/wp-content\/uploads\/2025\/02\/05_LateinHinweise2026.pdf\">Fachbezogene Hinweise Zentralabitur 2026<\/a><\/u><\/p><p align=\"CENTER\"><a href=\"https:\/\/max-emden.de\/wordpress\/wp-content\/uploads\/2025\/02\/05_Latein_Hinweise_2027.pdf\">Fachbezogene Hinweise Zentralabitur 2027<\/a><\/p><p align=\"CENTER\"><strong><span style=\"font-family: Arial, sans-serif;\"><u>AGs, Wettbewerbe, KOV<\/u><\/span><\/strong><\/p><p align=\"CENTER\"><strong><span style=\"font-family: Arial, sans-serif;\">Das MAX bietet eine AG an \u201eLatein \u2013 Wahlfrei\u201c. <\/span><\/strong><span style=\"font-family: Arial, sans-serif;\">Mit diesem auf drei Schuljahre angelegten Kursus soll es den Sch\u00fclerinnen und Sch\u00fclern, die sich f\u00fcr Franz\u00f6sisch oder Spanisch als zweite Fremdsprache entschieden haben, erm\u00f6glicht werden, die Qualifikation \u201eKleines Latinum\u201c zu erwerben. Die Arbeitsgemeinschaft ist also ein nachmittags stattfindender benoteter Unterricht, der in einer kleinen Gruppe binnendifferenziert gehalten wird.<\/span><\/p><p align=\"CENTER\"><a style=\"font-size: 16px;\" href=\"https:\/\/astronomie-club-ostfriesland.de\/Texte\/Sternzeit%20Vespucci.htm\" target=\"_blank\" rel=\"noopener\">Beispiel f\u00fcr einen Aufsatz<\/a><strong><span style=\"font-family: Arial, sans-serif;\">, der nach einer Lekt\u00fcreeinheit in Klasse 10 entstanden und in der Zeitschrift der astronomischen Vereinigungen \u201eSternzeit\u201c 3\/2013 erschienen ist.<\/span><\/strong><\/p>\t\t\t\t\t\t\t\t<\/div>\n\t\t\t\t<\/div>\n\t\t\t\t\t<\/div>\n\t\t<\/div>\n\t\t\t\t\t<\/div>\n\t\t<\/section>\n\t\t\t\t<\/div>\n\t\t","protected":false},"excerpt":{"rendered":"<p>Die Fachgruppe Latein stellt sich vor Dr. Ute R\u00fcsch gen. Klaas (La\/En) Lisa Kr\u00fcp (La\/Mu) Martin Stenke (Fachobmann) (La\/Ge) Frauke Thees (La\/Re) Unterricht Sekundarstufe I<a class=\"moretag\" href=\"https:\/\/max-emden.de\/wordpress\/latein\/\"> [&#8230;]<\/a><\/p>\n","protected":false},"author":19,"featured_media":0,"parent":0,"menu_order":0,"comment_status":"closed","ping_status":"closed","template":"","meta":{"footnotes":""},"class_list":["post-18869","page","type-page","status-publish","hentry"],"_links":{"self":[{"href":"https:\/\/max-emden.de\/wordpress\/wp-json\/wp\/v2\/pages\/18869","targetHints":{"allow":["GET"]}}],"collection":[{"href":"https:\/\/max-emden.de\/wordpress\/wp-json\/wp\/v2\/pages"}],"about":[{"href":"https:\/\/max-emden.de\/wordpress\/wp-json\/wp\/v2\/types\/page"}],"author":[{"embeddable":true,"href":"https:\/\/max-emden.de\/wordpress\/wp-json\/wp\/v2\/users\/19"}],"replies":[{"embeddable":true,"href":"https:\/\/max-emden.de\/wordpress\/wp-json\/wp\/v2\/comments?post=18869"}],"version-history":[{"count":4,"href":"https:\/\/max-emden.de\/wordpress\/wp-json\/wp\/v2\/pages\/18869\/revisions"}],"predecessor-version":[{"id":18873,"href":"https:\/\/max-emden.de\/wordpress\/wp-json\/wp\/v2\/pages\/18869\/revisions\/18873"}],"wp:attachment":[{"href":"https:\/\/max-emden.de\/wordpress\/wp-json\/wp\/v2\/media?parent=18869"}],"curies":[{"name":"wp","href":"https:\/\/api.w.org\/{rel}","templated":true}]}}