{"id":19658,"date":"2025-06-02T19:36:23","date_gmt":"2025-06-02T17:36:23","guid":{"rendered":"https:\/\/max-emden.de\/wordpress\/?page_id=19658"},"modified":"2025-08-03T21:25:28","modified_gmt":"2025-08-03T19:25:28","slug":"ueber-uns","status":"publish","type":"page","link":"https:\/\/max-emden.de\/wordpress\/ueber-uns\/","title":{"rendered":"\u00dcber uns"},"content":{"rendered":"\t\t<div data-elementor-type=\"wp-page\" data-elementor-id=\"19658\" class=\"elementor elementor-19658\" data-elementor-post-type=\"page\">\n\t\t\t\t\t\t<section class=\"elementor-section elementor-top-section elementor-element elementor-element-fc33fca elementor-section-boxed elementor-section-height-default elementor-section-height-default\" data-id=\"fc33fca\" data-element_type=\"section\" data-e-type=\"section\">\n\t\t\t\t\t\t<div class=\"elementor-container elementor-column-gap-default\">\n\t\t\t\t\t<div class=\"elementor-column elementor-col-50 elementor-top-column elementor-element elementor-element-25a82c9\" data-id=\"25a82c9\" data-element_type=\"column\" data-e-type=\"column\">\n\t\t\t<div class=\"elementor-widget-wrap elementor-element-populated\">\n\t\t\t\t\t\t<div class=\"elementor-element elementor-element-b122c98 elementor-widget elementor-widget-text-editor\" data-id=\"b122c98\" data-element_type=\"widget\" data-e-type=\"widget\" data-widget_type=\"text-editor.default\">\n\t\t\t\t<div class=\"elementor-widget-container\">\n\t\t\t\t\t\t\t\t\t<h1><span style=\"color: rgba(22, 143, 15, 0.88);\">Herzlich willkommen am Max!\u200b<\/span><\/h1><p>Wir freuen uns \u00fcber Ihr und euer Interesse am Max-Windm\u00fcller-Gymnasium. Unsere Website enth\u00e4lt viele Informationen und Berichte \u00fcber unser Bildungsangebot und unser Schulleben.<\/p><p>Als UNESCO-Projektschule legen wir viel Wert auf die Beteiligung der Sch\u00fclerinnen und Sch\u00fcler und unterst\u00fctzen die Lernprozesse unserer Sch\u00fclerinnen und Sch\u00fcler. Dabei spielen auch au\u00dferunterrichtliche sowie internationale Projekte eine wichtige Rolle! Wir arbeiten erfolgreich in vielen Netzwerken mit wie z.B. Europaschulen in Niedersachsen, Umweltschule in Europa, wir sind zertifizierte Erasmus+ Schule und Partnerschule der internationalen Holocaust Gedenkst\u00e4tte Yad-Vashem. Ferner arbeiten wir mit zahlreichen weiteren Kooperationspartnern aus den Bereichen Wissenschaft, Wirtschaft, Gesellschaft und Sport zusammen.<\/p>\t\t\t\t\t\t\t\t<\/div>\n\t\t\t\t<\/div>\n\t\t\t\t\t<\/div>\n\t\t<\/div>\n\t\t\t\t<div class=\"elementor-column elementor-col-50 elementor-top-column elementor-element elementor-element-c25a843\" data-id=\"c25a843\" data-element_type=\"column\" data-e-type=\"column\">\n\t\t\t<div class=\"elementor-widget-wrap elementor-element-populated\">\n\t\t\t\t\t\t<div class=\"elementor-element elementor-element-c4909f2 elementor-widget__width-initial elementor-widget elementor-widget-image\" data-id=\"c4909f2\" data-element_type=\"widget\" data-e-type=\"widget\" data-widget_type=\"image.default\">\n\t\t\t\t<div class=\"elementor-widget-container\">\n\t\t\t\t\t\t\t\t\t\t\t\t\t\t\t<img fetchpriority=\"high\" decoding=\"async\" width=\"453\" height=\"1024\" src=\"https:\/\/max-emden.de\/wordpress\/wp-content\/uploads\/2025\/06\/Bildschirmfoto-2025-06-02-um-19.27.15-453x1024.png\" class=\"attachment-large size-large wp-image-19659\" alt=\"\" srcset=\"https:\/\/max-emden.de\/wordpress\/wp-content\/uploads\/2025\/06\/Bildschirmfoto-2025-06-02-um-19.27.15-453x1024.png 453w, https:\/\/max-emden.de\/wordpress\/wp-content\/uploads\/2025\/06\/Bildschirmfoto-2025-06-02-um-19.27.15-133x300.png 133w, https:\/\/max-emden.de\/wordpress\/wp-content\/uploads\/2025\/06\/Bildschirmfoto-2025-06-02-um-19.27.15.png 546w\" sizes=\"(max-width: 453px) 100vw, 453px\" \/>\t\t\t\t\t\t\t\t\t\t\t\t\t\t\t<\/div>\n\t\t\t\t<\/div>\n\t\t\t\t\t<\/div>\n\t\t<\/div>\n\t\t\t\t\t<\/div>\n\t\t<\/section>\n\t\t\t\t<section class=\"elementor-section elementor-top-section elementor-element elementor-element-672ff55 elementor-section-boxed elementor-section-height-default elementor-section-height-default\" data-id=\"672ff55\" data-element_type=\"section\" data-e-type=\"section\">\n\t\t\t\t\t\t<div class=\"elementor-container elementor-column-gap-default\">\n\t\t\t\t\t<div class=\"elementor-column elementor-col-100 elementor-top-column elementor-element elementor-element-2c0fa2c\" data-id=\"2c0fa2c\" data-element_type=\"column\" data-e-type=\"column\">\n\t\t\t<div class=\"elementor-widget-wrap elementor-element-populated\">\n\t\t\t\t\t\t<div class=\"elementor-element elementor-element-2638e68 elementor-widget__width-initial elementor-widget elementor-widget-text-editor\" data-id=\"2638e68\" data-element_type=\"widget\" data-e-type=\"widget\" data-widget_type=\"text-editor.default\">\n\t\t\t\t<div class=\"elementor-widget-container\">\n\t\t\t\t\t\t\t\t\t<p>Ich w\u00fcrde mich freuen, wenn unsere Internet-Pr\u00e4sentation Sie anspricht. Nehmen Sie gerne Kontakt zu uns auf, wenn Sie weitere Fragen haben. Gem\u00e4\u00df unserem Schulmotto &#8222;Du machst den Unterschied&#8220; freuen wir uns Ihr Anliegen zu bearbeiten.<\/p><p>Frank Tapper, Schulleiter<\/p>\t\t\t\t\t\t\t\t<\/div>\n\t\t\t\t<\/div>\n\t\t\t\t\t<\/div>\n\t\t<\/div>\n\t\t\t\t\t<\/div>\n\t\t<\/section>\n\t\t\t\t<section class=\"elementor-section elementor-top-section elementor-element elementor-element-55ca55d elementor-section-boxed elementor-section-height-default elementor-section-height-default\" data-id=\"55ca55d\" data-element_type=\"section\" data-e-type=\"section\">\n\t\t\t\t\t\t<div class=\"elementor-container elementor-column-gap-default\">\n\t\t\t\t\t<div class=\"elementor-column elementor-col-100 elementor-top-column elementor-element elementor-element-70858e1\" data-id=\"70858e1\" data-element_type=\"column\" data-e-type=\"column\">\n\t\t\t<div class=\"elementor-widget-wrap elementor-element-populated\">\n\t\t\t\t\t\t<div class=\"elementor-element elementor-element-a13a227 elementor-align-center elementor-widget elementor-widget-button\" data-id=\"a13a227\" data-element_type=\"widget\" data-e-type=\"widget\" data-widget_type=\"button.default\">\n\t\t\t\t<div class=\"elementor-widget-container\">\n\t\t\t\t\t\t\t\t\t<div class=\"elementor-button-wrapper\">\n\t\t\t\t\t<a class=\"elementor-button elementor-button-link elementor-size-lg\" href=\"https:\/\/max-emden.de\/wordpress\/\">\n\t\t\t\t\t\t<span class=\"elementor-button-content-wrapper\">\n\t\t\t\t\t\t\t\t\t<span class=\"elementor-button-text\"> \u00a0\u00a0\u00a0 \u00a0\u00a0\u00a0\u00a0 \u00a0\u00a0\u00a0- Beitr\u00e4ge -  \u00a0\u00a0\u00a0\u00a0 \u00a0\u00a0\u00a0\u00a0\u00a0\u00a0<\/span>\n\t\t\t\t\t<\/span>\n\t\t\t\t\t<\/a>\n\t\t\t\t<\/div>\n\t\t\t\t\t\t\t\t<\/div>\n\t\t\t\t<\/div>\n\t\t\t\t\t<\/div>\n\t\t<\/div>\n\t\t\t\t\t<\/div>\n\t\t<\/section>\n\t\t\t\t<section class=\"elementor-section elementor-top-section elementor-element elementor-element-e5d11c0 elementor-section-boxed elementor-section-height-default elementor-section-height-default\" data-id=\"e5d11c0\" data-element_type=\"section\" data-e-type=\"section\">\n\t\t\t\t\t\t<div class=\"elementor-container elementor-column-gap-default\">\n\t\t\t\t\t<div class=\"elementor-column elementor-col-100 elementor-top-column elementor-element elementor-element-cfc7a52\" data-id=\"cfc7a52\" data-element_type=\"column\" data-e-type=\"column\">\n\t\t\t<div class=\"elementor-widget-wrap elementor-element-populated\">\n\t\t\t\t\t\t<div class=\"elementor-element elementor-element-54e3ee2 elementor-widget elementor-widget-html\" data-id=\"54e3ee2\" data-element_type=\"widget\" data-e-type=\"widget\" data-widget_type=\"html.default\">\n\t\t\t\t<div class=\"elementor-widget-container\">\n\t\t\t\t\t<iframe src=\"https:\/\/www.google.com\/maps\/embed?pb=!1m14!1m8!1m3!1d19041.506914126985!2d7.2063718!3d53.3756791!3m2!1i1024!2i768!4f13.1!3m3!1m2!1s0x47b639bc298f2bd3%3A0xa054b21f7eba26d1!2sMax-Windm%C3%BCller-Gymnasium%20Emden!5e0!3m2!1sde!2sde!4v1754248921592!5m2!1sde!2sde\" width=\"600\" height=\"450\" style=\"border:0;\" allowfullscreen=\"\" loading=\"lazy\" referrerpolicy=\"no-referrer-when-downgrade\"><\/iframe>\t\t\t\t<\/div>\n\t\t\t\t<\/div>\n\t\t\t\t\t<\/div>\n\t\t<\/div>\n\t\t\t\t\t<\/div>\n\t\t<\/section>\n\t\t\t\t<\/div>\n\t\t","protected":false},"excerpt":{"rendered":"<p>Herzlich willkommen am Max!\u200b Wir freuen uns \u00fcber Ihr und euer Interesse am Max-Windm\u00fcller-Gymnasium. Unsere Website enth\u00e4lt viele Informationen und Berichte \u00fcber unser Bildungsangebot und<a class=\"moretag\" href=\"https:\/\/max-emden.de\/wordpress\/ueber-uns\/\"> [&#8230;]<\/a><\/p>\n","protected":false},"author":19,"featured_media":0,"parent":0,"menu_order":0,"comment_status":"closed","ping_status":"closed","template":"","meta":{"footnotes":""},"class_list":["post-19658","page","type-page","status-publish","hentry"],"_links":{"self":[{"href":"https:\/\/max-emden.de\/wordpress\/wp-json\/wp\/v2\/pages\/19658","targetHints":{"allow":["GET"]}}],"collection":[{"href":"https:\/\/max-emden.de\/wordpress\/wp-json\/wp\/v2\/pages"}],"about":[{"href":"https:\/\/max-emden.de\/wordpress\/wp-json\/wp\/v2\/types\/page"}],"author":[{"embeddable":true,"href":"https:\/\/max-emden.de\/wordpress\/wp-json\/wp\/v2\/users\/19"}],"replies":[{"embeddable":true,"href":"https:\/\/max-emden.de\/wordpress\/wp-json\/wp\/v2\/comments?post=19658"}],"version-history":[{"count":12,"href":"https:\/\/max-emden.de\/wordpress\/wp-json\/wp\/v2\/pages\/19658\/revisions"}],"predecessor-version":[{"id":19998,"href":"https:\/\/max-emden.de\/wordpress\/wp-json\/wp\/v2\/pages\/19658\/revisions\/19998"}],"wp:attachment":[{"href":"https:\/\/max-emden.de\/wordpress\/wp-json\/wp\/v2\/media?parent=19658"}],"curies":[{"name":"wp","href":"https:\/\/api.w.org\/{rel}","templated":true}]}}