{"id":225,"date":"2015-07-21T16:35:39","date_gmt":"2015-07-21T16:35:39","guid":{"rendered":"http:\/\/max-emden.de\/wordpress\/?p=225"},"modified":"2016-11-21T17:08:35","modified_gmt":"2016-11-21T17:08:35","slug":"internationale-kontakte","status":"publish","type":"page","link":"https:\/\/max-emden.de\/wordpress\/internationale-kontakte\/","title":{"rendered":"Internationale Kontakte"},"content":{"rendered":"<p style=\"text-align: justify;\">Das Max-Windm\u00fcller-Gymnasium bietet als Europaschule traditionell vielf\u00e4ltige M\u00f6glichkeiten, \u201einterkulturelles Lernen\u201c f\u00fcr unsere Sch\u00fclerinnen und Sch\u00fcler zu verwirklichen. Wir \u00f6ffnen so den Blick der jungen Menschen f\u00fcr globale Belange und f\u00f6rdern den Gedanken der \u201eeinen Welt\u201c, in welcher das oberste Ziel ein friedliches Miteinander aller Menschen ist.<\/p>\n<p style=\"text-align: justify;\">\u201eInterkulturelles Lernen\u201c geschieht in Emden vor Ort bei der Begegnung mit Gastsch\u00fclerinnen und -sch\u00fclern aus aller Welt, die den deutschen Schulalltag mit uns teilen, unsere ostfriesische Kultur erleben und uns an ihrer eigenen Kultur teilhaben lassen. Sie lassen unsere Schulgemeinschaft \u00fcber den Tellerrand hinaus schauen und er\u00f6ffnen einen Dialog der Kulturen.<\/p>\n<p style=\"text-align: justify;\">\u201eInterkulturelles Lernen\u201c findet aber auch im Ausland statt: eine der aufregendsten Erfahrungen, die ein junger Mensch machen kann, ist das Erleben fremder Lebensgewohnheiten sowie kultureller und kulinarischer Unterschiede.<\/p>\n<p style=\"text-align: justify;\">Um dies f\u00fcr unsere Sch\u00fclerinnen und Sch\u00fcler zu erm\u00f6glichen, haben wir als Europaschule ein breites Netzwerk vielf\u00e4ltiger und interessanter Kontakte auf der ganzen Welt gekn\u00fcpft.<\/p>\n<p style=\"text-align: justify;\">In der Karte k\u00f6nnen Sie sich einen kleinen \u00dcberblick \u00fcber unser globales Netzwerk verschaffen. Durch einen &#8222;Klick&#8220; auf die einzelnen Symbole erhalten Sie erste Informationen und weiterf\u00fchrende Verlinkungen zu Berichten der Austausche, Klassen- und Studienfahrten, Auslandsaufenthalten von Maxlern und internationalen G\u00e4sten unserer Schule. Die Karte befindet sich noch im Aufbau und wird sukzessive fortgef\u00fchrt und erg\u00e4nzt.<br \/>\nZus\u00e4tzlich zu diesen Austauschangeboten unternehmen wir mit den achten Klassen u.a. Klassenfahrten nach London und die Studienfahrten der Oberstufe f\u00fchren ins europ\u00e4ische Ausland (z.B. Rom, Prag, Barcelona, etc.).<\/p>\n<p style=\"text-align: justify;\">Durch unsere guten Kontakte ist es f\u00fcr einzelne Sch\u00fclerinnen und Sch\u00fcler m\u00f6glich, das Betriebspraktikum im zehnten Jahrgang im Ausland zu absolvieren und auch ausl\u00e4ndische Sch\u00fclerinnen und Sch\u00fcler verbringen ihre Praktikumszeit in Emder Betrieben.<\/p>\n<p><code><iframe src=\"https:\/\/www.google.com\/maps\/d\/embed?mid=zE-xgyMJiDt8.krkRWjD40SxU\" width=\"640\" height=\"480\"><\/iframe><\/code><\/p>\n","protected":false},"excerpt":{"rendered":"<p>Das Max-Windm\u00fcller-Gymnasium bietet als Europaschule traditionell vielf\u00e4ltige M\u00f6glichkeiten, \u201einterkulturelles Lernen\u201c f\u00fcr unsere Sch\u00fclerinnen und Sch\u00fcler zu verwirklichen. Wir \u00f6ffnen so den Blick der jungen Menschen<a class=\"moretag\" href=\"https:\/\/max-emden.de\/wordpress\/internationale-kontakte\/\"> [&#8230;]<\/a><\/p>\n","protected":false},"author":1,"featured_media":0,"parent":0,"menu_order":0,"comment_status":"closed","ping_status":"open","template":"","meta":{"footnotes":""},"class_list":["post-225","page","type-page","status-publish","hentry"],"_links":{"self":[{"href":"https:\/\/max-emden.de\/wordpress\/wp-json\/wp\/v2\/pages\/225","targetHints":{"allow":["GET"]}}],"collection":[{"href":"https:\/\/max-emden.de\/wordpress\/wp-json\/wp\/v2\/pages"}],"about":[{"href":"https:\/\/max-emden.de\/wordpress\/wp-json\/wp\/v2\/types\/page"}],"author":[{"embeddable":true,"href":"https:\/\/max-emden.de\/wordpress\/wp-json\/wp\/v2\/users\/1"}],"replies":[{"embeddable":true,"href":"https:\/\/max-emden.de\/wordpress\/wp-json\/wp\/v2\/comments?post=225"}],"version-history":[{"count":7,"href":"https:\/\/max-emden.de\/wordpress\/wp-json\/wp\/v2\/pages\/225\/revisions"}],"predecessor-version":[{"id":3520,"href":"https:\/\/max-emden.de\/wordpress\/wp-json\/wp\/v2\/pages\/225\/revisions\/3520"}],"wp:attachment":[{"href":"https:\/\/max-emden.de\/wordpress\/wp-json\/wp\/v2\/media?parent=225"}],"curies":[{"name":"wp","href":"https:\/\/api.w.org\/{rel}","templated":true}]}}