{"id":2883,"date":"2016-08-26T21:34:03","date_gmt":"2016-08-26T21:34:03","guid":{"rendered":"http:\/\/max-emden.de\/wordpress\/?page_id=2883"},"modified":"2025-03-13T09:37:49","modified_gmt":"2025-03-13T08:37:49","slug":"schulsanitaetsdienst-alle-klassen","status":"publish","type":"page","link":"https:\/\/max-emden.de\/wordpress\/schulsanitaetsdienst-alle-klassen\/","title":{"rendered":"Schulsanit\u00e4tsdienst (alle Klassen)"},"content":{"rendered":"<p>Leitung: JRK Hinte<\/p>\n<p>Montags, 7.\/8. Stunde (14-t\u00e4gig) in Raum 304<\/p>\n<div class=\"page\" title=\"Page 11\">\n<div class=\"layoutArea\">\n<div class=\"column\">\n<p>Diese AG richtet sich an alle sozial engagierten, leistungsbereiten und an Erste Hilfe (EH) interessierten Sch\u00fclerinnen und Sch\u00fcler ab Jahrgang 5.<br \/>\nAls Teilnehmer der Schulsanit\u00e4tsdienst-AG werdet Ihr durch das Jugendrotkreuz Hinte eine Grundausbildung in EH erhalten. Nach abgeschlossener Erste-Hilfe-Grundausbildung kann man Mitglied im Schulsanit\u00e4tsdienst (SSD) werden.<\/p>\n<\/div>\n<\/div>\n<div class=\"layoutArea\">\n<div class=\"column\">\n<p>In einer AG (2x pro Monat; montags in der 7.\/8. Stunde) werdet Ihr weitergebildet und es finden regelm\u00e4\u00dfig \u00dcbungen und Nachbesprechungen der Eins\u00e4tze statt.<br \/>\nDer SSD versieht t\u00e4glich einen Bereitschaftsdienst (in den Pausen nach Dienstplan und im Bedarfsfall auch w\u00e4hrend des Unterrichts).<\/p>\n<\/div>\n<\/div>\n<div class=\"layoutArea\">\n<div class=\"column\">\n<p>Die Sanis k\u00fcmmern sich um die verletzten Mitsch\u00fcler und stellen ihre weitere Betreuung sicher, z. B. wird der Rettungsdienst oder ein Arzt verst\u00e4ndigt. Die Eltern der verletzten Mitsch\u00fcler werden ebenfalls benachrichtigt.<\/p>\n<\/div>\n<\/div>\n<div class=\"layoutArea\">\n<div class=\"column\">\n<p>Wenn Du noch weitere Fragen oder auch Interesse hast, im kommenden Schuljahr aktiv am Schulsanit\u00e4tsdienst teilzunehmen, dann melde Dich bei Herrn (rainer.ellmann-bahr(at)max-emden.net).<\/p>\n<\/div>\n<\/div>\n<\/div>\n","protected":false},"excerpt":{"rendered":"<p>Leitung: JRK Hinte Montags, 7.\/8. Stunde (14-t\u00e4gig) in Raum 304 Diese AG richtet sich an alle sozial engagierten, leistungsbereiten und an Erste Hilfe (EH) interessierten<a class=\"moretag\" href=\"https:\/\/max-emden.de\/wordpress\/schulsanitaetsdienst-alle-klassen\/\"> [&#8230;]<\/a><\/p>\n","protected":false},"author":1,"featured_media":0,"parent":0,"menu_order":0,"comment_status":"closed","ping_status":"closed","template":"","meta":{"footnotes":""},"class_list":["post-2883","page","type-page","status-publish","hentry"],"_links":{"self":[{"href":"https:\/\/max-emden.de\/wordpress\/wp-json\/wp\/v2\/pages\/2883","targetHints":{"allow":["GET"]}}],"collection":[{"href":"https:\/\/max-emden.de\/wordpress\/wp-json\/wp\/v2\/pages"}],"about":[{"href":"https:\/\/max-emden.de\/wordpress\/wp-json\/wp\/v2\/types\/page"}],"author":[{"embeddable":true,"href":"https:\/\/max-emden.de\/wordpress\/wp-json\/wp\/v2\/users\/1"}],"replies":[{"embeddable":true,"href":"https:\/\/max-emden.de\/wordpress\/wp-json\/wp\/v2\/comments?post=2883"}],"version-history":[{"count":2,"href":"https:\/\/max-emden.de\/wordpress\/wp-json\/wp\/v2\/pages\/2883\/revisions"}],"predecessor-version":[{"id":19146,"href":"https:\/\/max-emden.de\/wordpress\/wp-json\/wp\/v2\/pages\/2883\/revisions\/19146"}],"wp:attachment":[{"href":"https:\/\/max-emden.de\/wordpress\/wp-json\/wp\/v2\/media?parent=2883"}],"curies":[{"name":"wp","href":"https:\/\/api.w.org\/{rel}","templated":true}]}}