{"id":312,"date":"2015-07-23T12:00:13","date_gmt":"2015-07-23T12:00:13","guid":{"rendered":"http:\/\/max-emden.de\/wordpress\/?p=312"},"modified":"2022-02-07T21:23:02","modified_gmt":"2022-02-07T20:23:02","slug":"das-max-rudert","status":"publish","type":"page","link":"https:\/\/max-emden.de\/wordpress\/das-max-rudert\/","title":{"rendered":"Das Max rudert!"},"content":{"rendered":"<p>&nbsp;<\/p>\n<p style=\"text-align: justify;\">Seit 2009 besteht eine enge und intensive Kooperation unserer Schule mit dem <a href=\"https:\/\/emderruderverein.de\/cms35\/index.php\" target=\"_blank\" rel=\"noopener\">Emder Ruderverein<\/a> im Rahmen des Projektes Rudergymnasium. Ziel dieser Zusammenarbeit ist neben der F\u00f6rderung der Begeisterung f\u00fcr das Rudern vor allem die St\u00e4rkung sozialer Kompetenzen. Dar\u00fcber hinaus dient diese Kooperation der Identifikation mit unserer Schule, denn wir sitzen wirklich alle in einem Boot!<\/p>\n<p><strong>Rudern am Max &#8211; fester Bestandteil des Sportunterrichtes!<\/strong><\/p>\n<p><strong>\u00a0<a href=\"https:\/\/max-emden.de\/wordpress\/wp-content\/uploads\/2015\/07\/Rudern2.jpg\" target=\"_blank\" rel=\"noopener\"><img fetchpriority=\"high\" decoding=\"async\" class=\"alignleft wp-image-326 size-medium\" style=\"margin: 5px 40px 5px 5px;\" src=\"https:\/\/max-emden.de\/wordpress\/wp-content\/uploads\/2015\/07\/Rudern2-300x200.jpg\" alt=\"Rudern2\" width=\"300\" height=\"200\" srcset=\"https:\/\/max-emden.de\/wordpress\/wp-content\/uploads\/2015\/07\/Rudern2-300x200.jpg 300w, https:\/\/max-emden.de\/wordpress\/wp-content\/uploads\/2015\/07\/Rudern2.jpg 720w\" sizes=\"(max-width: 300px) 100vw, 300px\" \/><\/a><\/strong><\/p>\n<ul>\n<li>alle Sch\u00fcler der 6. Klasse erlernen das Rudern<\/li>\n<li>Ausbildung in sicheren Mannschaftsbooten<\/li>\n<li>St\u00e4rkung der Klassengemeinschaft<\/li>\n<li>Ruderkurse in der Oberstufe<\/li>\n<li>St\u00e4rkt R\u00fccksichtnahme und Teamgeist<\/li>\n<li>Natur und Emden erleben<\/li>\n<\/ul>\n<p>&nbsp;<\/p>\n<p><strong>Die Max-Ergometer-ReGaTta &#8211; ein besonderes Sportfest f\u00fcr die J\u00fcngsten!<\/strong><\/p>\n<p><strong><a href=\"https:\/\/max-emden.de\/wordpress\/wp-content\/uploads\/2015\/07\/Ergometerregatta_GaT_2015-1053.jpg\" target=\"_blank\" rel=\"noopener\"><img decoding=\"async\" class=\"alignright wp-image-319 size-medium\" style=\"margin: 5px 5px 5px 40px;\" src=\"https:\/\/max-emden.de\/wordpress\/wp-content\/uploads\/2015\/07\/Ergometerregatta_GaT_2015-1053-300x200.jpg\" alt=\"Ergometerregatta_GaT_2015-1053\" width=\"300\" height=\"200\" srcset=\"https:\/\/max-emden.de\/wordpress\/wp-content\/uploads\/2015\/07\/Ergometerregatta_GaT_2015-1053-300x200.jpg 300w, https:\/\/max-emden.de\/wordpress\/wp-content\/uploads\/2015\/07\/Ergometerregatta_GaT_2015-1053.jpg 720w\" sizes=\"(max-width: 300px) 100vw, 300px\" \/><\/a><\/strong><\/p>\n<ul>\n<li>Teilnahme der 5.,6. und 7. Klassen<\/li>\n<li>die ReGaTta findet mitten in der Schule statt<\/li>\n<li>alle machen mit, alle feuern sich gegenseitig an<\/li>\n<li>die Klassenschnellsten fahren um den Jahrgangssieg in Einzel- und Staffelrennen<\/li>\n<li>Teilnahme am DRJ-Wettbewerb \u201eSchnellste Klasse Deutschlands\u201c und an der EWE-Rowing-Challenge<\/li>\n<\/ul>\n<p>&nbsp;<\/p>\n<p><strong>Die Max-Drachenboot-ReGaTta &#8211; die ganze Schule auf dem Wasser!<\/strong><\/p>\n<p><strong>\u00a0<a href=\"https:\/\/max-emden.de\/wordpress\/wp-content\/uploads\/2015\/07\/10.1-vs.10.3.jpg\" target=\"_blank\" rel=\"noopener\"><img decoding=\"async\" class=\"alignleft wp-image-340 size-medium\" style=\"margin: 5px 40px 5px 5px;\" src=\"https:\/\/max-emden.de\/wordpress\/wp-content\/uploads\/2015\/07\/10.1-vs.10.3-300x199.jpg\" alt=\"10.1 vs.10.3\" width=\"300\" height=\"199\" srcset=\"https:\/\/max-emden.de\/wordpress\/wp-content\/uploads\/2015\/07\/10.1-vs.10.3-300x199.jpg 300w, https:\/\/max-emden.de\/wordpress\/wp-content\/uploads\/2015\/07\/10.1-vs.10.3-1024x680.jpg 1024w\" sizes=\"(max-width: 300px) 100vw, 300px\" \/><\/a><\/strong><\/p>\n<ul>\n<li>Traditionelles Sportfest zum Abschluss des Schuljahres<\/li>\n<li>Teilnahme aller Klassen und Jahrg\u00e4nge!<\/li>\n<li>Ermittlung der schnellsten Teams<\/li>\n<li>Spannende Wettk\u00e4mpfe<\/li>\n<li>H\u00f6hepunkt: das Lehrer-Sch\u00fcler-Rennen<\/li>\n<\/ul>\n<p>&nbsp;<\/p>\n<p style=\"text-align: justify;\"><strong>Rudern f\u00fcr den guten Zweck \u2013 10 Stunden-Ergometer-Staffel<\/strong><\/p>\n<p style=\"text-align: justify;\">Am 12.6.2015 hat das Rudergymnasium erstmals f\u00fcr einen guten Zweck gerudert: Zehn Stunden lang sind Sch\u00fcler und Lehrer im Rahmen eines Willkommensfestes f\u00fcr Fl\u00fcchtlinge Ergometer gefahren, um dadurch Spenden einzuwerben. Mit Erfolg: Das Rudern f\u00fcr den guten Zweck trug entscheidend zur gro\u00dfartigen Gesamtspendensumme in H\u00f6he von 8000\u20ac bei!<\/p>\n<p style=\"text-align: justify;\"><strong>Au\u00dferschulische Aktivit\u00e4ten im Drachenboot <\/strong><\/p>\n<p style=\"text-align: justify;\">Seit Jahren nimmt das Rudergymnasium mit je einem Sch\u00fcler- und einem Lehrerteam an der Emder Hafenmeile teil.<\/p>\n<p style=\"text-align: justify;\">Besonders erfolgreich waren dabei zuletzt die Sch\u00fcler: Das Boot der SV, besetzt mit Sch\u00fclern aus der 8.Klasse bis zu Abiturienten, konnte nach dem 2. Platz 2014 im Jahr 2015 endlich den Sieg in der Sportklasse erringen!<\/p>\n<p style=\"text-align: justify;\">Auch an der traditionellen Lampionfahrt im Binnenhafen haben aktuelle und ehemalige Sch\u00fcler regelm\u00e4\u00dfig teilgenommen und mehrfach den Preis f\u00fcr das sch\u00f6nste handgetriebene Boot gewonnen<\/p>\n<p><a href=\"https:\/\/max-emden.de\/wordpress\/wp-content\/uploads\/2015\/07\/IMG-b-5470.jpg\" target=\"_blank\" rel=\"noopener\"><img loading=\"lazy\" decoding=\"async\" class=\"alignleft wp-image-324 size-medium\" style=\"margin: 5px;\" src=\"https:\/\/max-emden.de\/wordpress\/wp-content\/uploads\/2015\/07\/IMG-b-5470-300x200.jpg\" alt=\"IMG-b-5470\" width=\"300\" height=\"200\" srcset=\"https:\/\/max-emden.de\/wordpress\/wp-content\/uploads\/2015\/07\/IMG-b-5470-300x200.jpg 300w, https:\/\/max-emden.de\/wordpress\/wp-content\/uploads\/2015\/07\/IMG-b-5470.jpg 720w\" sizes=\"(max-width: 300px) 100vw, 300px\" \/><\/a><a href=\"https:\/\/max-emden.de\/wordpress\/wp-content\/uploads\/2015\/07\/ezlo0709lampi03-1.jpg\" target=\"_blank\" rel=\"noopener\"><img loading=\"lazy\" decoding=\"async\" class=\" wp-image-320 size-medium alignleft\" style=\"margin: 5px;\" src=\"https:\/\/max-emden.de\/wordpress\/wp-content\/uploads\/2015\/07\/ezlo0709lampi03-1-300x195.jpg\" alt=\"ezlo0709lampi03-1\" width=\"300\" height=\"195\" srcset=\"https:\/\/max-emden.de\/wordpress\/wp-content\/uploads\/2015\/07\/ezlo0709lampi03-1-300x195.jpg 300w, https:\/\/max-emden.de\/wordpress\/wp-content\/uploads\/2015\/07\/ezlo0709lampi03-1.jpg 738w\" sizes=\"(max-width: 300px) 100vw, 300px\" \/><\/a><\/p>\n","protected":false},"excerpt":{"rendered":"<p>&nbsp; Seit 2009 besteht eine enge und intensive Kooperation unserer Schule mit dem Emder Ruderverein im Rahmen des Projektes Rudergymnasium. Ziel dieser Zusammenarbeit ist neben<a class=\"moretag\" href=\"https:\/\/max-emden.de\/wordpress\/das-max-rudert\/\"> [&#8230;]<\/a><\/p>\n","protected":false},"author":1,"featured_media":839,"parent":0,"menu_order":0,"comment_status":"closed","ping_status":"open","template":"","meta":{"footnotes":""},"class_list":["post-312","page","type-page","status-publish","has-post-thumbnail","hentry"],"_links":{"self":[{"href":"https:\/\/max-emden.de\/wordpress\/wp-json\/wp\/v2\/pages\/312","targetHints":{"allow":["GET"]}}],"collection":[{"href":"https:\/\/max-emden.de\/wordpress\/wp-json\/wp\/v2\/pages"}],"about":[{"href":"https:\/\/max-emden.de\/wordpress\/wp-json\/wp\/v2\/types\/page"}],"author":[{"embeddable":true,"href":"https:\/\/max-emden.de\/wordpress\/wp-json\/wp\/v2\/users\/1"}],"replies":[{"embeddable":true,"href":"https:\/\/max-emden.de\/wordpress\/wp-json\/wp\/v2\/comments?post=312"}],"version-history":[{"count":26,"href":"https:\/\/max-emden.de\/wordpress\/wp-json\/wp\/v2\/pages\/312\/revisions"}],"predecessor-version":[{"id":13721,"href":"https:\/\/max-emden.de\/wordpress\/wp-json\/wp\/v2\/pages\/312\/revisions\/13721"}],"wp:featuredmedia":[{"embeddable":true,"href":"https:\/\/max-emden.de\/wordpress\/wp-json\/wp\/v2\/media\/839"}],"wp:attachment":[{"href":"https:\/\/max-emden.de\/wordpress\/wp-json\/wp\/v2\/media?parent=312"}],"curies":[{"name":"wp","href":"https:\/\/api.w.org\/{rel}","templated":true}]}}