{"id":389,"date":"2015-07-23T14:35:57","date_gmt":"2015-07-23T14:35:57","guid":{"rendered":"http:\/\/max-emden.de\/wordpress\/?page_id=389"},"modified":"2015-07-23T16:15:41","modified_gmt":"2015-07-23T16:15:41","slug":"biographie","status":"publish","type":"page","link":"https:\/\/max-emden.de\/wordpress\/biographie\/","title":{"rendered":"Biographie"},"content":{"rendered":"<p align=\"JUSTIFY\"><span style=\"font-size: large;\">Max Windm\u00fcller wurde 1920 als Sohn eines j\u00fcdischen Schlachters in Emden geboren. Hier wuchs er auf und verbrachte seine Kindheit. Als SA-M\u00e4nner 1933 den Gewerbeschein des Vaters einzogen, wanderte die Familie in die Niederlande aus. Max Windm\u00fcller war u.a. Mitglied der Groninger Jugend-Alija, die junge Juden zur Auswanderung nach Pal\u00e4stina vorbereitet. <\/span><\/p>\n<p align=\"JUSTIFY\"><span style=\"font-size: large;\">Obwohl er 1939 schon an Bord eines Schiffes mit dem Ziel Pal\u00e4stina war, lie\u00df er sich \u00fcberreden, dieses wieder zu verlassen, um einer Organisation zu helfen, sich um j\u00fcdische Fl\u00fcchtlinge zu k\u00fcmmern. Nach dem Kriegsausbruch und der Eroberung der Niederlande durch die Wehrmacht versuchte er nicht, sich selbst aus dem Zugriffsbereich der Nazis zu entfernen. Windm\u00fcller setzte vielmehr in Untergrundorganisationen sein Leben ein, um anderen j\u00fcdischen Fl\u00fcchtlingen das Untertauchen oder Entkommen zu erm\u00f6glichen. Etwa 100 junge Juden wurden von Windm\u00fcller pers\u00f6nlich in die Freiheit geschleust, die gesamte Gruppe Westerweel rettete 393 Juden. Nicht einmal der Aufenthalt im Konzentrationslager Westerbork, von wo er nach kurzer Zeit floh, brachte ihn dazu, seine riskanten Hilfsaktionen zu beenden. In den Niederlanden, Belgien und Frankreich arbeitete er mit Widerstandsnetzwerken zusammen und half, mit gef\u00e4lschten Papieren ausgestattet, hunderten Fl\u00fcchtlingen. <\/span><\/p>\n<p align=\"JUSTIFY\"><span style=\"font-size: large;\">Im Juli 1944 wurde Max Windm\u00fcller in Frankreich verhaftet. F\u00fcr ihn begann eine qualvolle Odyssee durch mehrere Konzentrationslager, in denen er Zwangsarbeit leisten musste. Am 21. April 1945, wenige Wochen vor der bedingungslosen Kapitulation der Wehrmacht, wurde er w\u00e4hrend eines Todesmarsches am Stra\u00dfenrand erschossen.<\/span><\/p>\n","protected":false},"excerpt":{"rendered":"<p>Max Windm\u00fcller wurde 1920 als Sohn eines j\u00fcdischen Schlachters in Emden geboren. Hier wuchs er auf und verbrachte seine Kindheit. Als SA-M\u00e4nner 1933 den Gewerbeschein<a class=\"moretag\" href=\"https:\/\/max-emden.de\/wordpress\/biographie\/\"> [&#8230;]<\/a><\/p>\n","protected":false},"author":1,"featured_media":398,"parent":0,"menu_order":0,"comment_status":"closed","ping_status":"closed","template":"","meta":{"footnotes":""},"class_list":["post-389","page","type-page","status-publish","has-post-thumbnail","hentry"],"_links":{"self":[{"href":"https:\/\/max-emden.de\/wordpress\/wp-json\/wp\/v2\/pages\/389","targetHints":{"allow":["GET"]}}],"collection":[{"href":"https:\/\/max-emden.de\/wordpress\/wp-json\/wp\/v2\/pages"}],"about":[{"href":"https:\/\/max-emden.de\/wordpress\/wp-json\/wp\/v2\/types\/page"}],"author":[{"embeddable":true,"href":"https:\/\/max-emden.de\/wordpress\/wp-json\/wp\/v2\/users\/1"}],"replies":[{"embeddable":true,"href":"https:\/\/max-emden.de\/wordpress\/wp-json\/wp\/v2\/comments?post=389"}],"version-history":[{"count":1,"href":"https:\/\/max-emden.de\/wordpress\/wp-json\/wp\/v2\/pages\/389\/revisions"}],"predecessor-version":[{"id":391,"href":"https:\/\/max-emden.de\/wordpress\/wp-json\/wp\/v2\/pages\/389\/revisions\/391"}],"wp:featuredmedia":[{"embeddable":true,"href":"https:\/\/max-emden.de\/wordpress\/wp-json\/wp\/v2\/media\/398"}],"wp:attachment":[{"href":"https:\/\/max-emden.de\/wordpress\/wp-json\/wp\/v2\/media?parent=389"}],"curies":[{"name":"wp","href":"https:\/\/api.w.org\/{rel}","templated":true}]}}