{"id":405,"date":"2015-07-23T17:44:41","date_gmt":"2015-07-23T17:44:41","guid":{"rendered":"http:\/\/max-emden.de\/wordpress\/?page_id=405"},"modified":"2015-07-23T17:44:41","modified_gmt":"2015-07-23T17:44:41","slug":"2013-2","status":"publish","type":"page","link":"https:\/\/max-emden.de\/wordpress\/2013-2\/","title":{"rendered":"2013"},"content":{"rendered":"<p class=\"bold1\">EZ, 23.12.2013:\u00a0<a href=\"http:\/\/gat-emden.de\/presse\/2013\/ez231213Martinique.jpg\">GaT hat neuen Austauschpartner in der Karibik<\/a><\/p>\n<p class=\"bold1\">EZ, 23.12.2013:\u00a0<a href=\"http:\/\/gat-emden.de\/presse\/2013\/ez231213Gottesdienst.jpg\">Weihnachtsgottesdienst in der Neuen Kirche<\/a><\/p>\n<p class=\"bold1\">EZ, 21.12.2013:\u00a0<a href=\"http:\/\/gat-emden.de\/presse\/2013\/ez211213TheaterSpende.jpg\">Theater-AG unterst\u00fctzt mit Spende Kinder in Not<\/a><\/p>\n<p class=\"bold1\">EZ, 20.12.2013:\u00a0<a href=\"http:\/\/gat-emden.de\/presse\/2013\/ez201213Volleyball.jpg\">3 Teams zum Bezirksentscheid<\/a><\/p>\n<p class=\"bold1\">EZ, 19.12.2013:\u00a0<a href=\"http:\/\/gat-emden.de\/presse\/2013\/ez191213Vorlesen.jpg\">Larissa T\u00f6njes errang GaT-Schulsieg<\/a><\/p>\n<p class=\"bold1\">EZ, 07.12.2013:\u00a0<a href=\"http:\/\/gat-emden.de\/presse\/2013\/ez071213Leseabend.jpg\">30 Sch\u00fcler hatten Spa\u00df beim ersten Leseabend der Schule<\/a><\/p>\n<p class=\"bold1\">EZ, 05.12.2013:\u00a0<a href=\"http:\/\/gat-emden.de\/presse\/2013\/ez051213TT.jpg\">GaTler waren fast nicht zu schlagen<\/a><\/p>\n<p class=\"bold1\">EZ, 05.12.2013:\u00a0<a href=\"http:\/\/gat-emden.de\/presse\/2013\/ez051212Weihnachtbude.jpg\">Gymnasium bietet Schmalzbrote und Kekse<\/a><\/p>\n<p class=\"bold1\">EZ, 26.11.2013:\u00a0<a href=\"http:\/\/gat-emden.de\/presse\/2013\/ez261113Infonachmittag.jpg\">GaT verbucht mehr Interesse aus anderen Bezirken<\/a><\/p>\n<p class=\"bold1\">EZ, 23.11.2013:\u00a0<a href=\"http:\/\/gat-emden.de\/presse\/2013\/ez231113Gelassenheit.jpg\">Appell f\u00fcr mehr Gelassenheit bei der Schulentwicklung<\/a><\/p>\n<p class=\"bold1\">EZ, 15.11.2013:\u00a0<a href=\"http:\/\/gat-emden.de\/presse\/2013\/ez151113Umzug.jpg\">GaT-Umzug zum Steinweg wird mit Hochdruck geplant<\/a><\/p>\n<p class=\"bold1\">EZ, 15.11.2013:\u00a0<a href=\"http:\/\/gat-emden.de\/presse\/2013\/ez1511132umzuege.jpg\">Zwei Schul-Umz\u00fcge in den Sommerferien 2015<\/a><\/p>\n<p class=\"bold1\">EZ, 07.11.2013:\u00a0<a href=\"http:\/\/gat-emden.de\/presse\/2013\/ez071113WzA.jpg\">Stilechte Pr\u00e4sentationen mit detailreichen Informationen<\/a><\/p>\n<p class=\"bold1\">EZ, 07.11.2013:\u00a0<a href=\"http:\/\/gat-emden.de\/presse\/2013\/ez071113Mehrarbeit.jpg\">&#8222;Unsere Lehrer leisten viel freiwillige Arbeit&#8220;<\/a><\/p>\n<p class=\"bold1\">EZ, 31.10.2013:\u00a0<a href=\"http:\/\/gat-emden.de\/presse\/2013\/ez311013WzA.jpg\">Sch\u00fclerinnen und Sch\u00fcler blicken hinter die Kulissen der EZ<\/a><\/p>\n<p class=\"bold1\">EZ, 18.10.2013:\u00a0<a href=\"http:\/\/gat-emden.de\/presse\/2013\/ez181013Schulname.jpg\">Drei Namen sind in der engeren Wahl<\/a><\/p>\n<p class=\"bold1\">OZ, 04.10.2013:\u00a0<a href=\"http:\/\/gat-emden.de\/presse\/2013\/oz041013Planungen.jpg\">Neues Emder Schulzentrum nimmt Formen an<\/a><\/p>\n<p class=\"bold1\">EZ, 04.10.2013:\u00a0<a href=\"http:\/\/gat-emden.de\/presse\/2013\/ez041013Sporthalle.jpg\">Baubeginn f\u00fcr Sporthalle im Kulturviertel in K\u00fcrze<\/a><\/p>\n<p class=\"bold1\">EZ, 04.10.2013:\u00a0<a href=\"http:\/\/gat-emden.de\/presse\/2013\/ez041013Planung.jpg\">Erste Pl\u00e4ne f\u00fcr das neue GaT sto\u00dfen nicht auf Gegenliebe<\/a><\/p>\n<p class=\"bold1\">EZ, 01.10.2013:\u00a0<a href=\"http:\/\/gat-emden.de\/presse\/2013\/ez011013SegelAG.jpg\">&#8222;Leinen los!&#8220; f\u00fcr 21 GaT-Sch\u00fcler und ihre Segel-AG<\/a><\/p>\n<p class=\"bold1\">EZ, 27.09.2013:\u00a0<a href=\"http:\/\/gat-emden.de\/presse\/2013\/ez270913Elternrat.jpg\">Schulelternrat m\u00f6chte &#8222;Ausbaureserve&#8220; f\u00fcr GaT<\/a><\/p>\n<p class=\"bold1\">OZ, 21.09.2013:\u00a0<a href=\"http:\/\/gat-emden.de\/presse\/2013\/oz21092013neuestra%C3%9Fe.jpg\">Neue Stra\u00dfe f\u00fcrs neue Schulzentrum<\/a><\/p>\n<p class=\"bold1\">EZ, 21.09.2013:\u00a0<a href=\"http:\/\/gat-emden.de\/presse\/2013\/ez21092013neuehalle.jpg\">Erster Schub f\u00fcr neue Halle<\/a><\/p>\n<p class=\"bold1\">OZ, 20.09.2013:\u00a0<a href=\"http:\/\/gat-emden.de\/presse\/2013\/oz20092013elternwille.jpg\">&#8222;Wir \u00fcben Elternwillen&#8220;<\/a><\/p>\n<p class=\"bold1\">EZ, 18.09.2013:\u00a0<a href=\"http:\/\/gat-emden.de\/presse\/2013\/ez18092013Ihlermeer.jpg\">Einf\u00fchrungstage f\u00fchrten GaT-Sch\u00fcler ans Ihler Meer<\/a><\/p>\n<p class=\"bold1\">EZ, 16.09.2013:\u00a0<a href=\"http:\/\/gat-emden.de\/presse\/2013\/ez16092013kirchgaenge.jpg\">N\u00e4chtliche Kirchg\u00e4nge in der Stadt<\/a><\/p>\n<p class=\"bold1\">OZ, 14.09.2013:\u00a0<a href=\"http:\/\/gat-emden.de\/presse\/2013\/oz140913bolivien.jpg\">Bolivianisches Theater thematisiert Wasser<\/a><\/p>\n<p class=\"bold1\">EZ, 14.09.2013:\u00a0<a href=\"http:\/\/gat-emden.de\/presse\/2013\/ez14092013freundschaft.jpg\">Thema Freundschaft in der Kunst und Musik<\/a><\/p>\n<p class=\"bold1\">OZ, 13.09.2013:\u00a0<a href=\"http:\/\/gat-emden.de\/presse\/2013\/oz13092013speeddating.jpg\">Politik in je zehn Minuten an f\u00fcnf Tischen erkl\u00e4rt<\/a><\/p>\n<p class=\"bold1\">EZ, 11.09.2013:\u00a0<a href=\"http:\/\/gat-emden.de\/presse\/2013\/ez11092013aufstockungBBS.jpg\">Signal f\u00fcr BBS-Aufstockung<\/a><\/p>\n<p class=\"bold1\">EZ, 06.09.2013:\u00a0<a href=\"http:\/\/gat-emden.de\/presse\/2013\/ez06092013werder.jpg\">GaT neue Partnerschule von Werder Bremen<\/a><\/p>\n<p class=\"bold1\">EZ, 05.09.2013:\u00a0<a href=\"http:\/\/gat-emden.de\/presse\/2013\/ez05092013Kommentar.jpg\">Dumm gelaufen<\/a><\/p>\n<p class=\"bold1\">OZ, 31.08.2013:\u00a0<a href=\"http:\/\/gat-emden.de\/presse\/2013\/oz31082013reform.jpg\">Die zweite Emder IGS wird verschoben<\/a><\/p>\n<p class=\"bold1\">EZ, 31.08.2013:\u00a0<a href=\"http:\/\/gat-emden.de\/presse\/2013\/ez31082013reform2.jpg\">Schulplanung mit der Zeit im Nacken<\/a><\/p>\n<p class=\"bold1\">EZ, 31.08.2013:\u00a0<a href=\"http:\/\/gat-emden.de\/presse\/2013\/ez31082013reform.jpg\">F\u00fcr Emdens Schulreform wird die Zeit knapp<\/a><\/p>\n<p class=\"bold1\">OZ, 28.08.2013:\u00a0<a href=\"http:\/\/gat-emden.de\/presse\/2013\/oz28082013borkum.jpg\">Sch\u00fcler des GaT genossen Fahrt auf die Insel<\/a><\/p>\n<p class=\"bold1\">EZ, 27.08.2013:\u00a0<a href=\"http:\/\/gat-emden.de\/presse\/2013\/ez27082013Borkum.jpg\">Komplette Schule unternahm wieder Ausflug auf die Insel<\/a><\/p>\n<p class=\"bold1\">EZ, 22.08.2013:\u00a0<a href=\"http:\/\/gat-emden.de\/presse\/2013\/ez22082013schulname.jpg\">Noch mehr Namen im Topf<\/a><\/p>\n<p class=\"bold1\">OZ, 21.08.2013:\u00a0<a href=\"http:\/\/gat-emden.de\/presse\/2013\/oz21082013borkumankuendigung.jpg\">Sch\u00fcler, Lehrer und Eltern des GaT fahren wieder nach Borkum<\/a><\/p>\n<p class=\"bold1\">EZ, 03.08.2013:\u00a0<a href=\"http:\/\/gat-emden.de\/presse\/2013\/ez03082013schulname.jpg\">Dollart, Nordsee oder doch ein Promi-Pate?<\/a><\/p>\n<p class=\"bold1\">EZ, 26.06.2013:\u00a0<a href=\"http:\/\/gat-emden.de\/presse\/2013\/ez260613.jpg\">Schulfrei f\u00fcr den Direktor<\/a><\/p>\n<p class=\"bold1\">EZ, 25.06.2013:\u00a0<a href=\"http:\/\/gat-emden.de\/presse\/2013\/ez25062013drabo.jpg\">Mit vereinten Kr\u00e4ften im Takt Ziel und Sieg entgegen<\/a><\/p>\n<p class=\"bold1\">EZ, 25.06.2013:\u00a0<a href=\"http:\/\/gat-emden.de\/presse\/2013\/ez25062013Abiball.jpg\">Das Ende der Schulzeit wurde gefeiert<\/a><\/p>\n<p class=\"bold1\">EZ, 22.06.2013:\u00a0<a href=\"http:\/\/gat-emden.de\/presse\/2013\/ez22062013Warschau.jpg\">Emder Sch\u00fcler besuchten franz\u00f6sisches Gymnasium in Warschau<\/a><\/p>\n<p class=\"bold1\">EZ, 22.06.2013:\u00a0<a href=\"http:\/\/gat-emden.de\/presse\/2013\/ez22062013Regatta.jpg\">4. ReGaTta auf dem Treckfahrtstief<\/a><\/p>\n<p class=\"bold1\">EZ, 22.06.2013:\u00a0<a href=\"http:\/\/gat-emden.de\/presse\/2013\/ez22062013Kaenguru.jpg\">Knapp 100 K\u00e4ngurus am Gymnasium am Treckfahrtstief<\/a><\/p>\n<p class=\"bold1\">EZ, 20.06.2013:\u00a0<a href=\"http:\/\/gat-emden.de\/presse\/2013\/ez20062013schuelerabi.jpg\">Diese Sch\u00fcler haben ihr Abitur bestanden<\/a><\/p>\n<p class=\"bold1\">EZ, 06.06.2013:\u00a0<a href=\"http:\/\/gat-emden.de\/presse\/2013\/ez060613.jpg\">Mensa &#8211; Anbau am GaT wird gleich f\u00fcr 200 Pl\u00e4tze geplant<\/a><\/p>\n<p class=\"bold1\">OZ, 06.06.2013:\u00a0<a href=\"http:\/\/gat-emden.de\/presse\/2013\/oz060613.jpg\">Das GaT hat gro\u00dfen Zulauf<\/a><\/p>\n<p class=\"bold1\">OZ, 05.06.2013:\u00a0<a href=\"http:\/\/gat-emden.de\/presse\/2013\/oz050613.jpg\">Neues Schulfach durch Zusammenarbeit<\/a><\/p>\n<p class=\"bold1\">OZ, 30.05.2013:\u00a0<a href=\"http:\/\/gat-emden.de\/presse\/2013\/oz300513a.jpg\">Karibische Sch\u00fcler tauchten in die kalte Nordsee ein<\/a><\/p>\n<p class=\"bold1\">OZ, 30.05.2013:\u00a0<a href=\"http:\/\/gat-emden.de\/presse\/2013\/oz300513.jpg\">Schulreform: Stadt verschuldet sich\u00a0<\/a><\/p>\n<p class=\"bold1\">OZ, 29.05.2013:\u00a0<a href=\"http:\/\/gat-emden.de\/presse\/2013\/oz290513.jpg\">Sch\u00fcler in Vorfreude auf die Insel<\/a><\/p>\n<p class=\"bold1\">EZ, 29.05.2013:\u00a0<a href=\"http:\/\/gat-emden.de\/presse\/2013\/ez290513.jpg\">Neuer Name f\u00fcr das GaT gesucht<\/a><\/p>\n<p class=\"bold1\">EZ, 29.05.2013:\u00a0<a href=\"http:\/\/gat-emden.de\/presse\/2013\/ez290513a.jpg\">Die 8. Klassen des GaT fahren eine Woche gemeinsam nach London<\/a><\/p>\n<p class=\"bold1\">EZ, 25.05.2013:\u00a0<a href=\"http:\/\/gat-emden.de\/presse\/2013\/ez250513.jpg\">Gro\u00dfer Zuspruch beim Tag der offenen T\u00fcr<\/a><\/p>\n<p class=\"bold1\">EZ, 16.05.2013:\u00a0<a href=\"http:\/\/gat-emden.de\/presse\/2013\/ez160513.jpg\">Sch\u00fcler aus der Karibik besuchten das GaT<\/a><\/p>\n<p class=\"bold1\">OZ, 14.05.2013:\u00a0<a href=\"http:\/\/gat-emden.de\/presse\/2013\/oz140513.jpg\">Englisches Theater &#8211; Robin Hood im GaT<\/a><\/p>\n<p class=\"bold1\">EZ, 02.05.2013:\u00a0<a href=\"http:\/\/gat-emden.de\/presse\/2013\/ez020513.jpg\">Pariser Sch\u00fcler genossen Emden<\/a><\/p>\n<p class=\"bold1\">OZ, 24.04.2013:\u00a0<a href=\"http:\/\/gat-emden.de\/presse\/2013\/oz240413.jpg\">Arbeiten f\u00fcr den Umzug beginnen bald<\/a><\/p>\n<p class=\"bold1\">OZ, 24.04.2013:\u00a0<a href=\"http:\/\/gat-emden.de\/presse\/2013\/oz240413a.jpg\">GaT &#8211; Sch\u00fcler hatten Besuch aus der polnischen Hauptstadt<\/a><\/p>\n<p class=\"bold1\">EZ, 18.04.2013:\u00a0<a href=\"http:\/\/gat-emden.de\/presse\/2013\/ez180413.jpg\">GaT Sch\u00fcler er\u00f6ffneten ihre Segel &#8211; Saison<\/a><\/p>\n<p class=\"bold1\">EZ, 13.04.2013:\u00a0<a href=\"http:\/\/gat-emden.de\/presse\/2013\/ez130413.jpg\">GaT-Sch\u00fcler bekamen Besuch aus der polnischen Hauptstadt<\/a><\/p>\n<p class=\"bold1\">EZ,12.04.2013:\u00a0<a href=\"http:\/\/gat-emden.de\/presse\/2013\/ez120413.jpg\">Praktische \u00dcbungen f\u00fcr mehr Sicherheit im Verkehr<\/a><\/p>\n<p class=\"bold1\">EZ und OZ\u00a0<a href=\"http:\/\/gat-emden.de\/aktuell\/schulentwicklungsplanung%20EMD\/index.htm\">Presseschau zur Schulentwicklungsdebatte 2013<\/a><\/p>\n<p class=\"bold1\">EZ, 15.03.2013:\u00a0<a href=\"http:\/\/gat-emden.de\/presse\/2013\/ez150313.jpg\">Anne Simmering sang in ihrer alten Schule<\/a><\/p>\n<p class=\"bold1\">EZ, 14.03.2013:\u00a0<a href=\"http:\/\/gat-emden.de\/presse\/2013\/ez140313.jpg\">Ohrenbet\u00e4ubender L\u00e4rm im GaT &#8211; Anfeuern war Pflicht<\/a><\/p>\n<p class=\"bold1\">EZ, 06.03.2013:\u00a0<a href=\"http:\/\/gat-emden.de\/presse\/2013\/ez060313.jpg\">Bei der Premiere gleich auf den 2. Platz<\/a><\/p>\n<p class=\"bold1\">EZ, 09.02.2013:\u00a0<a href=\"http:\/\/gat-emden.de\/presse\/2013\/ez090213b.jpg\">Junge Polen absolvierten Betriebspraktikum in Emden<\/a><\/p>\n<p class=\"bold1\">EZ, 09.02.2013:\u00a0<a href=\"http:\/\/gat-emden.de\/presse\/2013\/ez090213.jpg\">Emder Sch\u00fcler lernen Franz\u00f6sisch in der Karibik<\/a><\/p>\n<p class=\"bold1\">EZ,24.01.2013:\u00a0<a href=\"http:\/\/gat-emden.de\/presse\/2013\/ez24113.jpg\">GaT-Sch\u00fclerinnen informierten sich \u00fcber Technickstudium<\/a><\/p>\n<p class=\"bold1\">EZ,19.01.2013:\u00a0<a href=\"http:\/\/gat-emden.de\/presse\/2013\/ez190113.jpg\">Austauschsch\u00fcler aus Brasilien erlebten ersten Schnee<\/a><\/p>\n","protected":false},"excerpt":{"rendered":"<p>EZ, 23.12.2013:\u00a0GaT hat neuen Austauschpartner in der Karibik EZ, 23.12.2013:\u00a0Weihnachtsgottesdienst in der Neuen Kirche EZ, 21.12.2013:\u00a0Theater-AG unterst\u00fctzt mit Spende Kinder in Not EZ, 20.12.2013:\u00a03 Teams<a class=\"moretag\" href=\"https:\/\/max-emden.de\/wordpress\/2013-2\/\"> [&#8230;]<\/a><\/p>\n","protected":false},"author":1,"featured_media":0,"parent":0,"menu_order":0,"comment_status":"closed","ping_status":"closed","template":"","meta":{"footnotes":""},"class_list":["post-405","page","type-page","status-publish","hentry"],"_links":{"self":[{"href":"https:\/\/max-emden.de\/wordpress\/wp-json\/wp\/v2\/pages\/405","targetHints":{"allow":["GET"]}}],"collection":[{"href":"https:\/\/max-emden.de\/wordpress\/wp-json\/wp\/v2\/pages"}],"about":[{"href":"https:\/\/max-emden.de\/wordpress\/wp-json\/wp\/v2\/types\/page"}],"author":[{"embeddable":true,"href":"https:\/\/max-emden.de\/wordpress\/wp-json\/wp\/v2\/users\/1"}],"replies":[{"embeddable":true,"href":"https:\/\/max-emden.de\/wordpress\/wp-json\/wp\/v2\/comments?post=405"}],"version-history":[{"count":1,"href":"https:\/\/max-emden.de\/wordpress\/wp-json\/wp\/v2\/pages\/405\/revisions"}],"predecessor-version":[{"id":407,"href":"https:\/\/max-emden.de\/wordpress\/wp-json\/wp\/v2\/pages\/405\/revisions\/407"}],"wp:attachment":[{"href":"https:\/\/max-emden.de\/wordpress\/wp-json\/wp\/v2\/media?parent=405"}],"curies":[{"name":"wp","href":"https:\/\/api.w.org\/{rel}","templated":true}]}}