{"id":435,"date":"2015-07-23T18:37:54","date_gmt":"2015-07-23T18:37:54","guid":{"rendered":"http:\/\/max-emden.de\/wordpress\/?page_id=435"},"modified":"2022-03-14T21:43:38","modified_gmt":"2022-03-14T20:43:38","slug":"beratungslehrer","status":"publish","type":"page","link":"https:\/\/max-emden.de\/wordpress\/beratungslehrer\/","title":{"rendered":"Beratungslehrer*in"},"content":{"rendered":"\t\t<div data-elementor-type=\"wp-page\" data-elementor-id=\"435\" class=\"elementor elementor-435\" data-elementor-post-type=\"page\">\n\t\t\t\t\t\t<section class=\"elementor-section elementor-top-section elementor-element elementor-element-1bada7f7 elementor-section-boxed elementor-section-height-default elementor-section-height-default\" data-id=\"1bada7f7\" data-element_type=\"section\" data-e-type=\"section\">\n\t\t\t\t\t\t<div class=\"elementor-container elementor-column-gap-default\">\n\t\t\t\t\t<div class=\"elementor-column elementor-col-100 elementor-top-column elementor-element elementor-element-79cfd346\" data-id=\"79cfd346\" data-element_type=\"column\" data-e-type=\"column\">\n\t\t\t<div class=\"elementor-widget-wrap elementor-element-populated\">\n\t\t\t\t\t\t<div class=\"elementor-element elementor-element-68c1df3 elementor-widget elementor-widget-text-editor\" data-id=\"68c1df3\" data-element_type=\"widget\" data-e-type=\"widget\" data-widget_type=\"text-editor.default\">\n\t\t\t\t<div class=\"elementor-widget-container\">\n\t\t\t\t\t\t\t\t\t<p><a href=\"https:\/\/max-emden.de\/wordpress\/wp-content\/uploads\/2018\/02\/Bildschirmfoto-2018-02-14-um-19.44.17.png\"><img fetchpriority=\"high\" decoding=\"async\" class=\"wp-image-6110 size-full aligncenter\" src=\"https:\/\/max-emden.de\/wordpress\/wp-content\/uploads\/2018\/02\/Bildschirmfoto-2018-02-14-um-19.44.17.png\" alt=\"\" width=\"542\" height=\"333\" srcset=\"https:\/\/max-emden.de\/wordpress\/wp-content\/uploads\/2018\/02\/Bildschirmfoto-2018-02-14-um-19.44.17.png 542w, https:\/\/max-emden.de\/wordpress\/wp-content\/uploads\/2018\/02\/Bildschirmfoto-2018-02-14-um-19.44.17-300x184.png 300w\" sizes=\"(max-width: 542px) 100vw, 542px\" \/><\/a><\/p>\t\t\t\t\t\t\t\t<\/div>\n\t\t\t\t<\/div>\n\t\t\t\t\t<\/div>\n\t\t<\/div>\n\t\t\t\t\t<\/div>\n\t\t<\/section>\n\t\t\t\t<section class=\"elementor-section elementor-top-section elementor-element elementor-element-0be2acb elementor-section-boxed elementor-section-height-default elementor-section-height-default\" data-id=\"0be2acb\" data-element_type=\"section\" data-e-type=\"section\">\n\t\t\t\t\t\t<div class=\"elementor-container elementor-column-gap-default\">\n\t\t\t\t\t<div class=\"elementor-column elementor-col-50 elementor-top-column elementor-element elementor-element-b400ce6\" data-id=\"b400ce6\" data-element_type=\"column\" data-e-type=\"column\">\n\t\t\t<div class=\"elementor-widget-wrap elementor-element-populated\">\n\t\t\t\t\t\t<div class=\"elementor-element elementor-element-32c96d5 elementor-widget elementor-widget-image\" data-id=\"32c96d5\" data-element_type=\"widget\" data-e-type=\"widget\" data-widget_type=\"image.default\">\n\t\t\t\t<div class=\"elementor-widget-container\">\n\t\t\t\t\t\t\t\t\t\t\t\t<figure class=\"wp-caption\">\n\t\t\t\t\t\t\t\t\t\t<img decoding=\"async\" width=\"150\" height=\"150\" src=\"https:\/\/max-emden.de\/wordpress\/wp-content\/uploads\/2020\/10\/Ayachi-150x150.jpg\" class=\"attachment-thumbnail size-thumbnail wp-image-10196\" alt=\"\" \/>\t\t\t\t\t\t\t\t\t\t\t<figcaption class=\"widget-image-caption wp-caption-text\">Die Beratungslehrerin: Lucie Ayachi<\/figcaption>\n\t\t\t\t\t\t\t\t\t\t<\/figure>\n\t\t\t\t\t\t\t\t\t<\/div>\n\t\t\t\t<\/div>\n\t\t\t\t\t<\/div>\n\t\t<\/div>\n\t\t\t\t<div class=\"elementor-column elementor-col-50 elementor-top-column elementor-element elementor-element-42f47c3\" data-id=\"42f47c3\" data-element_type=\"column\" data-e-type=\"column\">\n\t\t\t<div class=\"elementor-widget-wrap elementor-element-populated\">\n\t\t\t\t\t\t<div class=\"elementor-element elementor-element-69f8fe9 elementor-widget elementor-widget-text-editor\" data-id=\"69f8fe9\" data-element_type=\"widget\" data-e-type=\"widget\" data-widget_type=\"text-editor.default\">\n\t\t\t\t<div class=\"elementor-widget-container\">\n\t\t\t\t\t\t\t\t\t<p style=\"text-align: center;\"><u>Beratungslehrerin <\/u><u>am Max<\/u><\/p><p style=\"text-align: center;\"><strong>Sprechstunde<\/strong>\u00a0nach Vereinbarung (pers\u00f6nlich oder per Mail) in Raum 003 \u00a0\u00a0<\/p>\t\t\t\t\t\t\t\t<\/div>\n\t\t\t\t<\/div>\n\t\t\t\t\t<\/div>\n\t\t<\/div>\n\t\t\t\t\t<\/div>\n\t\t<\/section>\n\t\t\t\t<section class=\"elementor-section elementor-top-section elementor-element elementor-element-b7f2bce elementor-section-boxed elementor-section-height-default elementor-section-height-default\" data-id=\"b7f2bce\" data-element_type=\"section\" data-e-type=\"section\">\n\t\t\t\t\t\t<div class=\"elementor-container elementor-column-gap-default\">\n\t\t\t\t\t<div class=\"elementor-column elementor-col-100 elementor-top-column elementor-element elementor-element-a2c5564\" data-id=\"a2c5564\" data-element_type=\"column\" data-e-type=\"column\">\n\t\t\t<div class=\"elementor-widget-wrap elementor-element-populated\">\n\t\t\t\t\t\t<div class=\"elementor-element elementor-element-39a2679 elementor-align-center elementor-widget elementor-widget-button\" data-id=\"39a2679\" data-element_type=\"widget\" data-e-type=\"widget\" data-widget_type=\"button.default\">\n\t\t\t\t<div class=\"elementor-widget-container\">\n\t\t\t\t\t\t\t\t\t<div class=\"elementor-button-wrapper\">\n\t\t\t\t\t<a class=\"elementor-button elementor-button-link elementor-size-md\" href=\"mailto:%20ayachi@max-emden.de\">\n\t\t\t\t\t\t<span class=\"elementor-button-content-wrapper\">\n\t\t\t\t\t\t\t\t\t<span class=\"elementor-button-text\">Email<\/span>\n\t\t\t\t\t<\/span>\n\t\t\t\t\t<\/a>\n\t\t\t\t<\/div>\n\t\t\t\t\t\t\t\t<\/div>\n\t\t\t\t<\/div>\n\t\t\t\t\t<\/div>\n\t\t<\/div>\n\t\t\t\t\t<\/div>\n\t\t<\/section>\n\t\t\t\t<section class=\"elementor-section elementor-top-section elementor-element elementor-element-3c5375f elementor-section-boxed elementor-section-height-default elementor-section-height-default\" data-id=\"3c5375f\" data-element_type=\"section\" data-e-type=\"section\">\n\t\t\t\t\t\t<div class=\"elementor-container elementor-column-gap-default\">\n\t\t\t\t\t<div class=\"elementor-column elementor-col-100 elementor-top-column elementor-element elementor-element-2a06b62\" data-id=\"2a06b62\" data-element_type=\"column\" data-e-type=\"column\">\n\t\t\t<div class=\"elementor-widget-wrap elementor-element-populated\">\n\t\t\t\t\t\t<div class=\"elementor-element elementor-element-e73d5b6 elementor-widget elementor-widget-spacer\" data-id=\"e73d5b6\" data-element_type=\"widget\" data-e-type=\"widget\" data-widget_type=\"spacer.default\">\n\t\t\t\t<div class=\"elementor-widget-container\">\n\t\t\t\t\t\t\t<div class=\"elementor-spacer\">\n\t\t\t<div class=\"elementor-spacer-inner\"><\/div>\n\t\t<\/div>\n\t\t\t\t\t\t<\/div>\n\t\t\t\t<\/div>\n\t\t\t\t\t<\/div>\n\t\t<\/div>\n\t\t\t\t\t<\/div>\n\t\t<\/section>\n\t\t\t\t<section class=\"elementor-section elementor-top-section elementor-element elementor-element-905d8ba elementor-section-boxed elementor-section-height-default elementor-section-height-default\" data-id=\"905d8ba\" data-element_type=\"section\" data-e-type=\"section\">\n\t\t\t\t\t\t<div class=\"elementor-container elementor-column-gap-default\">\n\t\t\t\t\t<div class=\"elementor-column elementor-col-50 elementor-top-column elementor-element elementor-element-b4d1e7a\" data-id=\"b4d1e7a\" data-element_type=\"column\" data-e-type=\"column\">\n\t\t\t<div class=\"elementor-widget-wrap elementor-element-populated\">\n\t\t\t\t\t\t<div class=\"elementor-element elementor-element-d7dbd02 elementor-widget elementor-widget-image\" data-id=\"d7dbd02\" data-element_type=\"widget\" data-e-type=\"widget\" data-widget_type=\"image.default\">\n\t\t\t\t<div class=\"elementor-widget-container\">\n\t\t\t\t\t\t\t\t\t\t\t\t<figure class=\"wp-caption\">\n\t\t\t\t\t\t\t\t\t\t<img decoding=\"async\" width=\"150\" height=\"150\" src=\"https:\/\/max-emden.de\/wordpress\/wp-content\/uploads\/2020\/10\/Hillers-150x150.jpg\" class=\"attachment-thumbnail size-thumbnail wp-image-10221\" alt=\"\" \/>\t\t\t\t\t\t\t\t\t\t\t<figcaption class=\"widget-image-caption wp-caption-text\">Der Beratungslehrer: Detlef Hillers<\/figcaption>\n\t\t\t\t\t\t\t\t\t\t<\/figure>\n\t\t\t\t\t\t\t\t\t<\/div>\n\t\t\t\t<\/div>\n\t\t\t\t\t<\/div>\n\t\t<\/div>\n\t\t\t\t<div class=\"elementor-column elementor-col-50 elementor-top-column elementor-element elementor-element-8fae8ab\" data-id=\"8fae8ab\" data-element_type=\"column\" data-e-type=\"column\">\n\t\t\t<div class=\"elementor-widget-wrap elementor-element-populated\">\n\t\t\t\t\t\t<div class=\"elementor-element elementor-element-6c2f407 elementor-widget elementor-widget-text-editor\" data-id=\"6c2f407\" data-element_type=\"widget\" data-e-type=\"widget\" data-widget_type=\"text-editor.default\">\n\t\t\t\t<div class=\"elementor-widget-container\">\n\t\t\t\t\t\t\t\t\t<p style=\"text-align: center;\"><u>Beratungslehrer&nbsp;<\/u><u>am Max<\/u><\/p>\n<p style=\"text-align: center;\"><strong>Sprechstunde<\/strong>&nbsp;donnerstags 5.\/6. Stunde in Raum 003&nbsp;und nach Vereinbarung (pers\u00f6nlich oder per Mail)<\/p>\t\t\t\t\t\t\t\t<\/div>\n\t\t\t\t<\/div>\n\t\t\t\t\t<\/div>\n\t\t<\/div>\n\t\t\t\t\t<\/div>\n\t\t<\/section>\n\t\t\t\t<section class=\"elementor-section elementor-top-section elementor-element elementor-element-eb57842 elementor-section-boxed elementor-section-height-default elementor-section-height-default\" data-id=\"eb57842\" data-element_type=\"section\" data-e-type=\"section\">\n\t\t\t\t\t\t<div class=\"elementor-container elementor-column-gap-default\">\n\t\t\t\t\t<div class=\"elementor-column elementor-col-100 elementor-top-column elementor-element elementor-element-ab3a22a\" data-id=\"ab3a22a\" data-element_type=\"column\" data-e-type=\"column\">\n\t\t\t<div class=\"elementor-widget-wrap elementor-element-populated\">\n\t\t\t\t\t\t<div class=\"elementor-element elementor-element-d933070 elementor-align-center elementor-widget elementor-widget-button\" data-id=\"d933070\" data-element_type=\"widget\" data-e-type=\"widget\" data-widget_type=\"button.default\">\n\t\t\t\t<div class=\"elementor-widget-container\">\n\t\t\t\t\t\t\t\t\t<div class=\"elementor-button-wrapper\">\n\t\t\t\t\t<a class=\"elementor-button elementor-button-link elementor-size-md\" href=\"mailto:hillers@max-emden.de\">\n\t\t\t\t\t\t<span class=\"elementor-button-content-wrapper\">\n\t\t\t\t\t\t\t\t\t<span class=\"elementor-button-text\">Email<\/span>\n\t\t\t\t\t<\/span>\n\t\t\t\t\t<\/a>\n\t\t\t\t<\/div>\n\t\t\t\t\t\t\t\t<\/div>\n\t\t\t\t<\/div>\n\t\t\t\t\t<\/div>\n\t\t<\/div>\n\t\t\t\t\t<\/div>\n\t\t<\/section>\n\t\t\t\t<section class=\"elementor-section elementor-top-section elementor-element elementor-element-0c55981 elementor-section-boxed elementor-section-height-default elementor-section-height-default\" data-id=\"0c55981\" data-element_type=\"section\" data-e-type=\"section\">\n\t\t\t\t\t\t<div class=\"elementor-container elementor-column-gap-default\">\n\t\t\t\t\t<div class=\"elementor-column elementor-col-100 elementor-top-column elementor-element elementor-element-0c665d9\" data-id=\"0c665d9\" data-element_type=\"column\" data-e-type=\"column\">\n\t\t\t<div class=\"elementor-widget-wrap elementor-element-populated\">\n\t\t\t\t\t\t<div class=\"elementor-element elementor-element-125349f elementor-widget elementor-widget-spacer\" data-id=\"125349f\" data-element_type=\"widget\" data-e-type=\"widget\" data-widget_type=\"spacer.default\">\n\t\t\t\t<div class=\"elementor-widget-container\">\n\t\t\t\t\t\t\t<div class=\"elementor-spacer\">\n\t\t\t<div class=\"elementor-spacer-inner\"><\/div>\n\t\t<\/div>\n\t\t\t\t\t\t<\/div>\n\t\t\t\t<\/div>\n\t\t\t\t\t<\/div>\n\t\t<\/div>\n\t\t\t\t\t<\/div>\n\t\t<\/section>\n\t\t\t\t<section class=\"elementor-section elementor-top-section elementor-element elementor-element-d89de60 elementor-section-boxed elementor-section-height-default elementor-section-height-default\" data-id=\"d89de60\" data-element_type=\"section\" data-e-type=\"section\">\n\t\t\t\t\t\t<div class=\"elementor-container elementor-column-gap-default\">\n\t\t\t\t\t<div class=\"elementor-column elementor-col-100 elementor-top-column elementor-element elementor-element-ebabf1a\" data-id=\"ebabf1a\" data-element_type=\"column\" data-e-type=\"column\">\n\t\t\t<div class=\"elementor-widget-wrap elementor-element-populated\">\n\t\t\t\t\t\t<div class=\"elementor-element elementor-element-131b58a elementor-widget elementor-widget-text-editor\" data-id=\"131b58a\" data-element_type=\"widget\" data-e-type=\"widget\" data-widget_type=\"text-editor.default\">\n\t\t\t\t<div class=\"elementor-widget-container\">\n\t\t\t\t\t\t\t\t\t<p style=\"text-align: left;\"><strong>Beratung f\u00fcr Sch\u00fclerInnen, Eltern und Lehrkr\u00e4fte<\/strong><\/p><p style=\"text-align: left;\"><em>Im Gespr\u00e4ch haben wir die M\u00f6glichkeit, die Fragestellung oder das Problem genauer unter die Lupe zu nehmen und gemeinsam nach L\u00f6sungswegen zu suchen.<\/em><\/p><p><strong><u>Leitlinien der Beratung<\/u><\/strong><\/p><ol><li>Beratung ist ein Angebot (freiwillig)<\/li><li>Unabh\u00e4ngigkeit der Beraterin<\/li><li>Privatgeheimnis wird gesch\u00fctzt (vertraulich)<\/li><li>Verantwortungsstruktur im Schulsystem<\/li><\/ol><p>\u2192 <strong>Prinzip der \u201eHilfe zur Selbsthilfe\u201c<\/strong><\/p><p>Beratung kann keine Fachberatung und Therapie leisten, aber ggf. die Vermittlung von fachlicher Unterst\u00fctzung \u00fcbernehmen.<\/p><p><strong><u>Zielgruppe<\/u><\/strong><\/p><p><strong>Sch\u00fcler\/innen, Eltern\/Erziehungsberechtigte, Lehrkr\u00e4fte<\/strong><\/p><p>werden beraten im Hinblick auf Themen, die im Zusammenhang mit der Schule stehen.<\/p><p>Dabei kann Beratung in verschiedener Form stattfinden:<\/p><ul><li>Einzelfallberatung<\/li><li>Schulklassenbezogene Beratung<\/li><li>Kontaktvermittlung zu au\u00dferschulischen Kooperationspartnern (z.B. Schulpsychologie, Fachberatungsstellen, Polizei, Jugendamt u.a.)<\/li><\/ul>\t\t\t\t\t\t\t\t<\/div>\n\t\t\t\t<\/div>\n\t\t\t\t\t<\/div>\n\t\t<\/div>\n\t\t\t\t\t<\/div>\n\t\t<\/section>\n\t\t\t\t<\/div>\n\t\t","protected":false},"excerpt":{"rendered":"<p>Die Beratungslehrerin: Lucie Ayachi Beratungslehrerin am Max Sprechstunde\u00a0nach Vereinbarung (pers\u00f6nlich oder per Mail) in Raum 003 \u00a0\u00a0 Email Der Beratungslehrer: Detlef Hillers Beratungslehrer&nbsp;am Max Sprechstunde&nbsp;donnerstags<a class=\"moretag\" href=\"https:\/\/max-emden.de\/wordpress\/beratungslehrer\/\"> [&#8230;]<\/a><\/p>\n","protected":false},"author":1,"featured_media":0,"parent":0,"menu_order":0,"comment_status":"closed","ping_status":"closed","template":"","meta":{"footnotes":""},"class_list":["post-435","page","type-page","status-publish","hentry"],"_links":{"self":[{"href":"https:\/\/max-emden.de\/wordpress\/wp-json\/wp\/v2\/pages\/435","targetHints":{"allow":["GET"]}}],"collection":[{"href":"https:\/\/max-emden.de\/wordpress\/wp-json\/wp\/v2\/pages"}],"about":[{"href":"https:\/\/max-emden.de\/wordpress\/wp-json\/wp\/v2\/types\/page"}],"author":[{"embeddable":true,"href":"https:\/\/max-emden.de\/wordpress\/wp-json\/wp\/v2\/users\/1"}],"replies":[{"embeddable":true,"href":"https:\/\/max-emden.de\/wordpress\/wp-json\/wp\/v2\/comments?post=435"}],"version-history":[{"count":59,"href":"https:\/\/max-emden.de\/wordpress\/wp-json\/wp\/v2\/pages\/435\/revisions"}],"predecessor-version":[{"id":13924,"href":"https:\/\/max-emden.de\/wordpress\/wp-json\/wp\/v2\/pages\/435\/revisions\/13924"}],"wp:attachment":[{"href":"https:\/\/max-emden.de\/wordpress\/wp-json\/wp\/v2\/media?parent=435"}],"curies":[{"name":"wp","href":"https:\/\/api.w.org\/{rel}","templated":true}]}}