{"id":6849,"date":"2018-08-17T13:17:20","date_gmt":"2018-08-17T13:17:20","guid":{"rendered":"http:\/\/max-emden.de\/wordpress\/?page_id=6849"},"modified":"2018-08-17T13:18:15","modified_gmt":"2018-08-17T13:18:15","slug":"medienscouts","status":"publish","type":"page","link":"https:\/\/max-emden.de\/wordpress\/medienscouts\/","title":{"rendered":"Medienscouts"},"content":{"rendered":"<p><em>WhatsApp-Stress, Handysicherheit, Datenschutz und Privatsph\u00e4re <\/em>\u2013 dies sind nur einige der Themen, mit denen sich die Medienscouts in ihrer Ausbildung, die durch die Landesinitiative n-21 in Kooperation mit der Nieders\u00e4chsischen Landesmedienanstalt und dem Nieders\u00e4chsischen Landesinstitut f\u00fcr schulische Qualit\u00e4tsentwicklung begleitet und gef\u00f6rdert wird, auseinandergesetzt haben, um anderen Sch\u00fclerinnen und Sch\u00fclern bei Problemen mit Rat und Tat zur Seite zu stehen. Dazu geh\u00f6rt eine regelm\u00e4\u00dfige Teilnahme an Fortbildungen, aber auch das Anbieten einer Sprechstunde sowie der Besuch der 5. und 6. Klassen, um diese in ihrem Umgang mit sozialen Medien zu schulen. Auch das Entwerfen eines Logos und das Drehen eines Films war letztes Jahr Bestandteil der AG.<\/p>\n<p>Du kennst dich mit sozialen Netzwerken und Gaming aus, hast Freude daran, mit anderen zu kommunizieren, bist freundlich und aufgeschlossen und in Klasse 8 oder 9? Dann werde Teil der Medienscouts am MAX!<\/p>\n<p>&nbsp;<\/p>\n<p>Wir treffen uns jeden Montag in der 7. Stunde (13.45 Uhr bis 14.30 Uhr) in Raum 108 und freuen uns auf dich.<\/p>\n","protected":false},"excerpt":{"rendered":"<p>WhatsApp-Stress, Handysicherheit, Datenschutz und Privatsph\u00e4re \u2013 dies sind nur einige der Themen, mit denen sich die Medienscouts in ihrer Ausbildung, die durch die Landesinitiative n-21<a class=\"moretag\" href=\"https:\/\/max-emden.de\/wordpress\/medienscouts\/\"> [&#8230;]<\/a><\/p>\n","protected":false},"author":1,"featured_media":0,"parent":0,"menu_order":0,"comment_status":"closed","ping_status":"closed","template":"","meta":{"footnotes":""},"class_list":["post-6849","page","type-page","status-publish","hentry"],"_links":{"self":[{"href":"https:\/\/max-emden.de\/wordpress\/wp-json\/wp\/v2\/pages\/6849","targetHints":{"allow":["GET"]}}],"collection":[{"href":"https:\/\/max-emden.de\/wordpress\/wp-json\/wp\/v2\/pages"}],"about":[{"href":"https:\/\/max-emden.de\/wordpress\/wp-json\/wp\/v2\/types\/page"}],"author":[{"embeddable":true,"href":"https:\/\/max-emden.de\/wordpress\/wp-json\/wp\/v2\/users\/1"}],"replies":[{"embeddable":true,"href":"https:\/\/max-emden.de\/wordpress\/wp-json\/wp\/v2\/comments?post=6849"}],"version-history":[{"count":1,"href":"https:\/\/max-emden.de\/wordpress\/wp-json\/wp\/v2\/pages\/6849\/revisions"}],"predecessor-version":[{"id":6850,"href":"https:\/\/max-emden.de\/wordpress\/wp-json\/wp\/v2\/pages\/6849\/revisions\/6850"}],"wp:attachment":[{"href":"https:\/\/max-emden.de\/wordpress\/wp-json\/wp\/v2\/media?parent=6849"}],"curies":[{"name":"wp","href":"https:\/\/api.w.org\/{rel}","templated":true}]}}