{"id":6854,"date":"2018-08-17T13:20:35","date_gmt":"2018-08-17T13:20:35","guid":{"rendered":"http:\/\/max-emden.de\/wordpress\/?page_id=6854"},"modified":"2020-09-29T11:24:40","modified_gmt":"2020-09-29T11:24:40","slug":"informatik-ag","status":"publish","type":"page","link":"https:\/\/max-emden.de\/wordpress\/informatik-ag\/","title":{"rendered":"Informatik-AG"},"content":{"rendered":"<p>In der Informatik-AG treffen sich Sch\u00fclerinnen und Sch\u00fcler, die das Programmieren von Computern erlernen m\u00f6chten. Der Einstieg startet mit Scratch, einer graphischen Programmiersprache, mit der kleine Computerspiele erstellt werden k\u00f6nnen. Wer m\u00f6chte, kann mit Legorobotern und Elektronikboards weitere Projekte verwirklichen.<\/p>\n<p><strong>Voraussetzung<\/strong>f\u00fcr die AG ist der Wille etwas verstehen zu wollen, selbstst\u00e4ndiges Arbeiten und die Teilnahme am Wettbewerb \u201eInformatik-Biber\u201c im November. Die AG richtet sich an Sch\u00fclerinnen\u00a0und Sch\u00fcler in den Klassenstufen 5-10.<\/p>\n","protected":false},"excerpt":{"rendered":"<p>In der Informatik-AG treffen sich Sch\u00fclerinnen und Sch\u00fcler, die das Programmieren von Computern erlernen m\u00f6chten. Der Einstieg startet mit Scratch, einer graphischen Programmiersprache, mit der<a class=\"moretag\" href=\"https:\/\/max-emden.de\/wordpress\/informatik-ag\/\"> [&#8230;]<\/a><\/p>\n","protected":false},"author":1,"featured_media":6853,"parent":0,"menu_order":0,"comment_status":"closed","ping_status":"closed","template":"","meta":{"footnotes":""},"class_list":["post-6854","page","type-page","status-publish","has-post-thumbnail","hentry"],"_links":{"self":[{"href":"https:\/\/max-emden.de\/wordpress\/wp-json\/wp\/v2\/pages\/6854","targetHints":{"allow":["GET"]}}],"collection":[{"href":"https:\/\/max-emden.de\/wordpress\/wp-json\/wp\/v2\/pages"}],"about":[{"href":"https:\/\/max-emden.de\/wordpress\/wp-json\/wp\/v2\/types\/page"}],"author":[{"embeddable":true,"href":"https:\/\/max-emden.de\/wordpress\/wp-json\/wp\/v2\/users\/1"}],"replies":[{"embeddable":true,"href":"https:\/\/max-emden.de\/wordpress\/wp-json\/wp\/v2\/comments?post=6854"}],"version-history":[{"count":1,"href":"https:\/\/max-emden.de\/wordpress\/wp-json\/wp\/v2\/pages\/6854\/revisions"}],"predecessor-version":[{"id":6855,"href":"https:\/\/max-emden.de\/wordpress\/wp-json\/wp\/v2\/pages\/6854\/revisions\/6855"}],"wp:featuredmedia":[{"embeddable":true,"href":"https:\/\/max-emden.de\/wordpress\/wp-json\/wp\/v2\/media\/6853"}],"wp:attachment":[{"href":"https:\/\/max-emden.de\/wordpress\/wp-json\/wp\/v2\/media?parent=6854"}],"curies":[{"name":"wp","href":"https:\/\/api.w.org\/{rel}","templated":true}]}}