{"id":7869,"date":"2019-03-03T14:41:01","date_gmt":"2019-03-03T14:41:01","guid":{"rendered":"http:\/\/max-emden.de\/wordpress\/?page_id=7869"},"modified":"2019-05-08T15:33:13","modified_gmt":"2019-05-08T15:33:13","slug":"2019-2","status":"publish","type":"page","link":"https:\/\/max-emden.de\/wordpress\/2019-2\/","title":{"rendered":"2019"},"content":{"rendered":"<p>EZ, 06.05.2019: <a href=\"https:\/\/max-emden.de\/wordpress\/wp-content\/uploads\/2019\/05\/ez0605BBPBBrunnen.jpg\" target=\"_blank\" rel=\"noopener\">Ein Ahoi auf das Wasser<\/a><\/p>\n<p>EZ, 02.03.2019: <a href=\"https:\/\/max-emden.de\/wordpress\/wp-content\/uploads\/2019\/03\/ez0203Turnen.jpg\" target=\"_blank\" rel=\"noopener\">Max-M\u00e4dchen turnten erfolgreich<\/a><\/p>\n<p>EZ, 02.03.2019: <a href=\"https:\/\/max-emden.de\/wordpress\/wp-content\/uploads\/2019\/03\/ez0203Sportabzeichen.jpg\" target=\"_blank\" rel=\"noopener\">Nun gab es die Urkunden &#8211; 365 Sch\u00fcler legten am Max-Windm\u00fcller-Gymnasium das Sportabzeichen ab<\/a><\/p>\n<p>EZ, 20.02.2019: <a href=\"https:\/\/max-emden.de\/wordpress\/wp-content\/uploads\/2019\/04\/ez2002Wachsam.jpg\" target=\"_blank\" rel=\"noopener\">\u201eIhr m\u00fcsst wachsam sein\u201c<\/a><\/p>\n<p>EZ, 15.02.2019: <a href=\"https:\/\/max-emden.de\/wordpress\/wp-content\/uploads\/2019\/04\/ez1502Maxmacht.jpg\" target=\"_blank\" rel=\"noopener\">Schulkleidung aus fairem Handel vermarkten<\/a><\/p>\n<p>EZ, 15.02.2019: <a href=\"https:\/\/max-emden.de\/wordpress\/wp-content\/uploads\/2019\/04\/ez1502Brunnen.jpg\" target=\"_blank\" rel=\"noopener\">Neuer Brunnen sprudelt ab Mai<\/a><\/p>\n<p>EZ, 09.02.2019: <a href=\"https:\/\/max-emden.de\/wordpress\/wp-content\/uploads\/2019\/04\/ez0902Rotary.jpg\" target=\"_blank\" rel=\"noopener\">Vier Jugendliche im Jahresaustausch beim Rotary Club<\/a><\/p>\n<p>EZ, 09.02.2019: <a href=\"https:\/\/max-emden.de\/wordpress\/wp-content\/uploads\/2019\/04\/ez0902MoMaMa.jpg\" target=\"_blank\" rel=\"noopener\">Klimaparlament des Max besch\u00e4ftigte sich mit klimafreundlicher Ern\u00e4hrung<\/a><\/p>\n<p>EZ, 08.02.2019:\u00a0<a href=\"https:\/\/max-emden.de\/wordpress\/wp-content\/uploads\/2019\/04\/ez0802Politik.jpg\" target=\"_blank\" rel=\"noopener\">Auf Tuchf\u00fchlung mit der Politik<\/a><\/p>\n<p>EZ, 26.01.2019: <a href=\"https:\/\/max-emden.de\/wordpress\/wp-content\/uploads\/2019\/04\/ez2601twi.jpg\" target=\"_blank\" rel=\"noopener\">Die Vision wurde zur Realit\u00e4t<\/a><\/p>\n<p>EZ, 18.01.2019:\u00a0<a href=\"https:\/\/max-emden.de\/wordpress\/wp-content\/uploads\/2019\/04\/EZ1801Twi.jpg\" target=\"_blank\" rel=\"noopener\">Holocaust-\u00dcberlebender kommt nach Emden<\/a><\/p>\n<p>EZ, 03.01.2019: <a href=\"https:\/\/max-emden.de\/wordpress\/wp-content\/uploads\/2019\/04\/ez0301gatundmax.jpg\" target=\"_blank\" rel=\"noopener\">\u201eGaT &amp; Max-Together\u201d &#8211; das Ehemaligen-Treffen<\/a><\/p>\n<p>EZ, 02.01.2019: <a href=\"https:\/\/max-emden.de\/wordpress\/wp-content\/uploads\/2019\/04\/ez0201Werder.jpg\" target=\"_blank\" rel=\"noopener\">Max-Sch\u00fcler unterst\u00fctzten Werder Bremen<\/a><\/p>\n","protected":false},"excerpt":{"rendered":"<p>EZ, 06.05.2019: Ein Ahoi auf das Wasser EZ, 02.03.2019: Max-M\u00e4dchen turnten erfolgreich EZ, 02.03.2019: Nun gab es die Urkunden &#8211; 365 Sch\u00fcler legten am Max-Windm\u00fcller-Gymnasium<a class=\"moretag\" href=\"https:\/\/max-emden.de\/wordpress\/2019-2\/\"> [&#8230;]<\/a><\/p>\n","protected":false},"author":1,"featured_media":0,"parent":0,"menu_order":0,"comment_status":"closed","ping_status":"closed","template":"","meta":{"footnotes":""},"class_list":["post-7869","page","type-page","status-publish","hentry"],"_links":{"self":[{"href":"https:\/\/max-emden.de\/wordpress\/wp-json\/wp\/v2\/pages\/7869","targetHints":{"allow":["GET"]}}],"collection":[{"href":"https:\/\/max-emden.de\/wordpress\/wp-json\/wp\/v2\/pages"}],"about":[{"href":"https:\/\/max-emden.de\/wordpress\/wp-json\/wp\/v2\/types\/page"}],"author":[{"embeddable":true,"href":"https:\/\/max-emden.de\/wordpress\/wp-json\/wp\/v2\/users\/1"}],"replies":[{"embeddable":true,"href":"https:\/\/max-emden.de\/wordpress\/wp-json\/wp\/v2\/comments?post=7869"}],"version-history":[{"count":15,"href":"https:\/\/max-emden.de\/wordpress\/wp-json\/wp\/v2\/pages\/7869\/revisions"}],"predecessor-version":[{"id":8178,"href":"https:\/\/max-emden.de\/wordpress\/wp-json\/wp\/v2\/pages\/7869\/revisions\/8178"}],"wp:attachment":[{"href":"https:\/\/max-emden.de\/wordpress\/wp-json\/wp\/v2\/media?parent=7869"}],"curies":[{"name":"wp","href":"https:\/\/api.w.org\/{rel}","templated":true}]}}