{"id":9175,"date":"2020-03-26T10:31:49","date_gmt":"2020-03-26T10:31:49","guid":{"rendered":"http:\/\/max-emden.de\/wordpress\/?page_id=9175"},"modified":"2025-01-15T12:44:53","modified_gmt":"2025-01-15T11:44:53","slug":"imker-kurs","status":"publish","type":"page","link":"https:\/\/max-emden.de\/wordpress\/imker-kurs\/","title":{"rendered":"Imker-Kurs"},"content":{"rendered":"<p>Im Imkerkurs \u00fcbernimmst Du mit Deinen angehenden Imkerkolleg*innen die Pflege eines Bienenvolkes. Dabei lernst Du den Umgang mit den Insekten sowie ihre Entwicklung kennen. Au\u00dferdem erf\u00e4hrst Du, wie man ein bienengerechtes Umfeld gestaltet und schlie\u00dflich nat\u00fcrlich, wie man Honig erntet.<\/p>\n<p>Kontakt: <a href=\"mailto:jochen.scheuermann@max-emden.net\">Herr Scheuermann<\/a><\/p>\n","protected":false},"excerpt":{"rendered":"<p>Im Imkerkurs \u00fcbernimmst Du mit Deinen angehenden Imkerkolleg*innen die Pflege eines Bienenvolkes. Dabei lernst Du den Umgang mit den Insekten sowie ihre Entwicklung kennen. Au\u00dferdem<a class=\"moretag\" href=\"https:\/\/max-emden.de\/wordpress\/imker-kurs\/\"> [&#8230;]<\/a><\/p>\n","protected":false},"author":1,"featured_media":0,"parent":0,"menu_order":0,"comment_status":"closed","ping_status":"closed","template":"","meta":{"footnotes":""},"class_list":["post-9175","page","type-page","status-publish","hentry"],"_links":{"self":[{"href":"https:\/\/max-emden.de\/wordpress\/wp-json\/wp\/v2\/pages\/9175","targetHints":{"allow":["GET"]}}],"collection":[{"href":"https:\/\/max-emden.de\/wordpress\/wp-json\/wp\/v2\/pages"}],"about":[{"href":"https:\/\/max-emden.de\/wordpress\/wp-json\/wp\/v2\/types\/page"}],"author":[{"embeddable":true,"href":"https:\/\/max-emden.de\/wordpress\/wp-json\/wp\/v2\/users\/1"}],"replies":[{"embeddable":true,"href":"https:\/\/max-emden.de\/wordpress\/wp-json\/wp\/v2\/comments?post=9175"}],"version-history":[{"count":3,"href":"https:\/\/max-emden.de\/wordpress\/wp-json\/wp\/v2\/pages\/9175\/revisions"}],"predecessor-version":[{"id":18155,"href":"https:\/\/max-emden.de\/wordpress\/wp-json\/wp\/v2\/pages\/9175\/revisions\/18155"}],"wp:attachment":[{"href":"https:\/\/max-emden.de\/wordpress\/wp-json\/wp\/v2\/media?parent=9175"}],"curies":[{"name":"wp","href":"https:\/\/api.w.org\/{rel}","templated":true}]}}