{"id":9179,"date":"2020-03-26T10:33:24","date_gmt":"2020-03-26T10:33:24","guid":{"rendered":"http:\/\/max-emden.de\/wordpress\/?page_id=9179"},"modified":"2025-01-15T12:46:23","modified_gmt":"2025-01-15T11:46:23","slug":"informatik-ag-2","status":"publish","type":"page","link":"https:\/\/max-emden.de\/wordpress\/informatik-ag-2\/","title":{"rendered":"Informatik-AG"},"content":{"rendered":"<p>In der Informatik-AG treffen sich Sch\u00fcler*innen, die das Programmieren von Computern erlernen m\u00f6chten. Der Einstieg startet mit Scratch, einer graphischen Programmiersprache, mit der kleine Computerspiele erstellt werden k\u00f6nnen. Wer m\u00f6chte, kann mit Legorobotern und Elektronikboards weitere Projekte verwirklichen. Voraussetzung f\u00fcr die AG ist der Wille etwas verstehen zu wollen, selbstst\u00e4ndiges Arbeiten und Kenntnisse in Physik. Die AG richtet sich an Sch\u00fcler*innen in den Klassenstufen 5-10. Legorobotern und Elektronikboards weitere Projekte verwirklichen.<\/p>\n<p>Kontakt: <a href=\"mailto:jochen.scheuermann@max-emden.net\">Herr Scheuermann<\/a><\/p>\n","protected":false},"excerpt":{"rendered":"<p>In der Informatik-AG treffen sich Sch\u00fcler*innen, die das Programmieren von Computern erlernen m\u00f6chten. Der Einstieg startet mit Scratch, einer graphischen Programmiersprache, mit der kleine Computerspiele<a class=\"moretag\" href=\"https:\/\/max-emden.de\/wordpress\/informatik-ag-2\/\"> [&#8230;]<\/a><\/p>\n","protected":false},"author":1,"featured_media":0,"parent":0,"menu_order":0,"comment_status":"closed","ping_status":"closed","template":"","meta":{"footnotes":""},"class_list":["post-9179","page","type-page","status-publish","hentry"],"_links":{"self":[{"href":"https:\/\/max-emden.de\/wordpress\/wp-json\/wp\/v2\/pages\/9179","targetHints":{"allow":["GET"]}}],"collection":[{"href":"https:\/\/max-emden.de\/wordpress\/wp-json\/wp\/v2\/pages"}],"about":[{"href":"https:\/\/max-emden.de\/wordpress\/wp-json\/wp\/v2\/types\/page"}],"author":[{"embeddable":true,"href":"https:\/\/max-emden.de\/wordpress\/wp-json\/wp\/v2\/users\/1"}],"replies":[{"embeddable":true,"href":"https:\/\/max-emden.de\/wordpress\/wp-json\/wp\/v2\/comments?post=9179"}],"version-history":[{"count":4,"href":"https:\/\/max-emden.de\/wordpress\/wp-json\/wp\/v2\/pages\/9179\/revisions"}],"predecessor-version":[{"id":18159,"href":"https:\/\/max-emden.de\/wordpress\/wp-json\/wp\/v2\/pages\/9179\/revisions\/18159"}],"wp:attachment":[{"href":"https:\/\/max-emden.de\/wordpress\/wp-json\/wp\/v2\/media?parent=9179"}],"curies":[{"name":"wp","href":"https:\/\/api.w.org\/{rel}","templated":true}]}}