{"id":9198,"date":"2020-03-26T12:37:01","date_gmt":"2020-03-26T12:37:01","guid":{"rendered":"http:\/\/max-emden.de\/wordpress\/?page_id=9198"},"modified":"2020-03-26T12:37:01","modified_gmt":"2020-03-26T12:37:01","slug":"informatik-biber","status":"publish","type":"page","link":"https:\/\/max-emden.de\/wordpress\/informatik-biber\/","title":{"rendered":"Informatik-Biber"},"content":{"rendered":"<p>Der Informatik-Biber ist Deutschlands gr\u00f6\u00dfter Sch\u00fclerwettbewerb im Bereich Informatik. Der Wettbewerb f\u00f6rdert das digitale Denken mit lebensnahen und alltagsbezogenen Fragestellungen. Dabei entdecken die Teilnehmenden Faszination und Relevanz informatischer Methoden. Beim Informatik-Biber setzen sich Sch\u00fcler*innen mit altersgerechten informatischen Fragestellungen auseinander, spielerisch und wie selbstverst\u00e4ndlich. Die Teilnehmenden erleben, wie spannend und vielseitig das digitale Denken der Informatik ist.<\/p>\n","protected":false},"excerpt":{"rendered":"<p>Der Informatik-Biber ist Deutschlands gr\u00f6\u00dfter Sch\u00fclerwettbewerb im Bereich Informatik. Der Wettbewerb f\u00f6rdert das digitale Denken mit lebensnahen und alltagsbezogenen Fragestellungen. Dabei entdecken die Teilnehmenden Faszination<a class=\"moretag\" href=\"https:\/\/max-emden.de\/wordpress\/informatik-biber\/\"> [&#8230;]<\/a><\/p>\n","protected":false},"author":1,"featured_media":0,"parent":0,"menu_order":0,"comment_status":"closed","ping_status":"closed","template":"","meta":{"footnotes":""},"class_list":["post-9198","page","type-page","status-publish","hentry"],"_links":{"self":[{"href":"https:\/\/max-emden.de\/wordpress\/wp-json\/wp\/v2\/pages\/9198","targetHints":{"allow":["GET"]}}],"collection":[{"href":"https:\/\/max-emden.de\/wordpress\/wp-json\/wp\/v2\/pages"}],"about":[{"href":"https:\/\/max-emden.de\/wordpress\/wp-json\/wp\/v2\/types\/page"}],"author":[{"embeddable":true,"href":"https:\/\/max-emden.de\/wordpress\/wp-json\/wp\/v2\/users\/1"}],"replies":[{"embeddable":true,"href":"https:\/\/max-emden.de\/wordpress\/wp-json\/wp\/v2\/comments?post=9198"}],"version-history":[{"count":1,"href":"https:\/\/max-emden.de\/wordpress\/wp-json\/wp\/v2\/pages\/9198\/revisions"}],"predecessor-version":[{"id":9199,"href":"https:\/\/max-emden.de\/wordpress\/wp-json\/wp\/v2\/pages\/9198\/revisions\/9199"}],"wp:attachment":[{"href":"https:\/\/max-emden.de\/wordpress\/wp-json\/wp\/v2\/media?parent=9198"}],"curies":[{"name":"wp","href":"https:\/\/api.w.org\/{rel}","templated":true}]}}