{"id":9200,"date":"2020-03-26T12:37:33","date_gmt":"2020-03-26T12:37:33","guid":{"rendered":"http:\/\/max-emden.de\/wordpress\/?page_id=9200"},"modified":"2020-03-26T12:37:33","modified_gmt":"2020-03-26T12:37:33","slug":"mathe-olympiade","status":"publish","type":"page","link":"https:\/\/max-emden.de\/wordpress\/mathe-olympiade\/","title":{"rendered":"Mathe-Olympiade"},"content":{"rendered":"<p>Die Mathematik-Olympiade bietet allen interessierten Sch\u00fcler*innen die M\u00f6glichkeit, ihre besondere Leistungsf\u00e4higkeit auf mathematischem Gebiet unter Beweis zu stellen. Der nach Altersstufen gegliederte erfordert logisches Denken, Kombinationsf\u00e4higkeit und kreativen Umgang mit mathematischen Methoden. Die Teilnahme am Wettbewerb regt h\u00e4ufig zu einer weit \u00fcber den Unterricht hinausreichenden Besch\u00e4ftigung mit der Mathematik an.<\/p>\n<p>Kontakt: Herr Scheuermann (jochen.scheuermann(at)max-emden.net)<\/p>\n","protected":false},"excerpt":{"rendered":"<p>Die Mathematik-Olympiade bietet allen interessierten Sch\u00fcler*innen die M\u00f6glichkeit, ihre besondere Leistungsf\u00e4higkeit auf mathematischem Gebiet unter Beweis zu stellen. Der nach Altersstufen gegliederte erfordert logisches Denken,<a class=\"moretag\" href=\"https:\/\/max-emden.de\/wordpress\/mathe-olympiade\/\"> [&#8230;]<\/a><\/p>\n","protected":false},"author":1,"featured_media":0,"parent":0,"menu_order":0,"comment_status":"closed","ping_status":"closed","template":"","meta":{"footnotes":""},"class_list":["post-9200","page","type-page","status-publish","hentry"],"_links":{"self":[{"href":"https:\/\/max-emden.de\/wordpress\/wp-json\/wp\/v2\/pages\/9200","targetHints":{"allow":["GET"]}}],"collection":[{"href":"https:\/\/max-emden.de\/wordpress\/wp-json\/wp\/v2\/pages"}],"about":[{"href":"https:\/\/max-emden.de\/wordpress\/wp-json\/wp\/v2\/types\/page"}],"author":[{"embeddable":true,"href":"https:\/\/max-emden.de\/wordpress\/wp-json\/wp\/v2\/users\/1"}],"replies":[{"embeddable":true,"href":"https:\/\/max-emden.de\/wordpress\/wp-json\/wp\/v2\/comments?post=9200"}],"version-history":[{"count":1,"href":"https:\/\/max-emden.de\/wordpress\/wp-json\/wp\/v2\/pages\/9200\/revisions"}],"predecessor-version":[{"id":9201,"href":"https:\/\/max-emden.de\/wordpress\/wp-json\/wp\/v2\/pages\/9200\/revisions\/9201"}],"wp:attachment":[{"href":"https:\/\/max-emden.de\/wordpress\/wp-json\/wp\/v2\/media?parent=9200"}],"curies":[{"name":"wp","href":"https:\/\/api.w.org\/{rel}","templated":true}]}}