{"id":9202,"date":"2020-03-26T12:38:08","date_gmt":"2020-03-26T12:38:08","guid":{"rendered":"http:\/\/max-emden.de\/wordpress\/?page_id=9202"},"modified":"2025-01-21T19:10:35","modified_gmt":"2025-01-21T18:10:35","slug":"kaenguru-der-mathematik","status":"publish","type":"page","link":"https:\/\/max-emden.de\/wordpress\/kaenguru-der-mathematik\/","title":{"rendered":"K\u00e4nguru der Mathematik"},"content":{"rendered":"<p>Scharfsinn, r\u00e4umliches Vorstellungsverm\u00f6gen und logisches Denken sind gefordert, um die mathematischen Knobel-Aufgaben beim K\u00e4nguru-Wettbewerb zu l\u00f6sen.<\/p>\n<p>Mit inzwischen \u00fcber sechs Millionen Sch\u00fcler*innen weltweit kann man beim K\u00e4nguru-Wettbewerb nur von einer echten Erfolgsstory sprechen, deren Geschichte 1978 am anderen Ende der Welt begonnen hat. Damals suchten australische Hochschulmathematiker nach einer M\u00f6glichkeit, m\u00f6glichst viele Sch\u00fcler*innen f\u00fcr die Welt der Zahlen zu begeistern und ersannen deshalb einen Multiple-Choice-Wettbewerb, der nicht zu schwierig, aber doch herausfordernd sein sollte. Mit Erfolg: Bereits nach wenigen Jahren nahmen schon 80% der Schulen des f\u00fcnften Kontinents teil. Nach der weiteren Ausbreitung in der S\u00fcdpazifikregion kam der Wettbewerb Anfang der 90er Jahre \u00fcber Frankreich nach Europa und begeistert seither auch hierzulande viele Sch\u00fcler*innen, so auch am Max.<\/p>\n<p>Kontakt: <a href=\"mailto:jochen.scheuermann@max-emden.net\">Herr Scheuermann<\/a><\/p>\n","protected":false},"excerpt":{"rendered":"<p>Scharfsinn, r\u00e4umliches Vorstellungsverm\u00f6gen und logisches Denken sind gefordert, um die mathematischen Knobel-Aufgaben beim K\u00e4nguru-Wettbewerb zu l\u00f6sen. Mit inzwischen \u00fcber sechs Millionen Sch\u00fcler*innen weltweit kann man<a class=\"moretag\" href=\"https:\/\/max-emden.de\/wordpress\/kaenguru-der-mathematik\/\"> [&#8230;]<\/a><\/p>\n","protected":false},"author":1,"featured_media":0,"parent":0,"menu_order":0,"comment_status":"closed","ping_status":"closed","template":"","meta":{"footnotes":""},"class_list":["post-9202","page","type-page","status-publish","hentry"],"_links":{"self":[{"href":"https:\/\/max-emden.de\/wordpress\/wp-json\/wp\/v2\/pages\/9202","targetHints":{"allow":["GET"]}}],"collection":[{"href":"https:\/\/max-emden.de\/wordpress\/wp-json\/wp\/v2\/pages"}],"about":[{"href":"https:\/\/max-emden.de\/wordpress\/wp-json\/wp\/v2\/types\/page"}],"author":[{"embeddable":true,"href":"https:\/\/max-emden.de\/wordpress\/wp-json\/wp\/v2\/users\/1"}],"replies":[{"embeddable":true,"href":"https:\/\/max-emden.de\/wordpress\/wp-json\/wp\/v2\/comments?post=9202"}],"version-history":[{"count":2,"href":"https:\/\/max-emden.de\/wordpress\/wp-json\/wp\/v2\/pages\/9202\/revisions"}],"predecessor-version":[{"id":18330,"href":"https:\/\/max-emden.de\/wordpress\/wp-json\/wp\/v2\/pages\/9202\/revisions\/18330"}],"wp:attachment":[{"href":"https:\/\/max-emden.de\/wordpress\/wp-json\/wp\/v2\/media?parent=9202"}],"curies":[{"name":"wp","href":"https:\/\/api.w.org\/{rel}","templated":true}]}}