{"id":9207,"date":"2020-03-26T12:52:26","date_gmt":"2020-03-26T12:52:26","guid":{"rendered":"http:\/\/max-emden.de\/wordpress\/?page_id=9207"},"modified":"2025-01-15T12:39:23","modified_gmt":"2025-01-15T11:39:23","slug":"schuelerakademien","status":"publish","type":"page","link":"https:\/\/max-emden.de\/wordpress\/schuelerakademien\/","title":{"rendered":"Sch\u00fclerakademien"},"content":{"rendered":"<p>Sch\u00fclerakademien bieten die M\u00f6glichkeit, sich auch \u00fcber den Unterricht hinaus mit spannenden und interessanten Themen sowie Projekten zu besch\u00e4ftigen. Einige dieser Akademien findet Ihr hier vorgestellt. Bei weiteren Fragen k\u00f6nnt Ihr Euch gerne an <a href=\"mailto:jochen.scheuermann@max-emden.net\">Herrn Scheuermann<\/a> wenden. Viel Spa\u00df beim St\u00f6bern in den Angeboten.<\/p>\n<ul>\n<li><a href=\"https:\/\/www.bildung-und-begabung.de\/unsere-projekte-akademien\/deutsche-schuelerakademie\">Deutsche Sch\u00fclerakademie<\/a><\/li>\n<li><a href=\"https:\/\/www.bildung-und-begabung.de\/unsere-projekte-akademien\/juniorakademien\">Deutsche JuniorAkademie<\/a><\/li>\n<li><a href=\"https:\/\/www.bildung-und-begabung.de\/unsere-projekte-akademien\/talentakademie-allgemein\">TalentAkademie<\/a><\/li>\n<li><a href=\"https:\/\/www.bildung-und-begabung.de\/unsere-projekte-akademien\/vorbilderakademien-allgemein\">VorbilderAkademie<\/a><\/li>\n<li><a href=\"https:\/\/www.bildung-und-begabung.de\/unsere-projekte-akademien\/gamestalente\">GamesTalente<\/a><\/li>\n<li>\n<div><a href=\"https:\/\/www.hoeb.de\/\">Historisch-\u00d6kologischen Bildungsst\u00e4tte<\/a><\/div>\n<\/li>\n<\/ul>\n<p>&nbsp;<\/p>\n","protected":false},"excerpt":{"rendered":"<p>Sch\u00fclerakademien bieten die M\u00f6glichkeit, sich auch \u00fcber den Unterricht hinaus mit spannenden und interessanten Themen sowie Projekten zu besch\u00e4ftigen. Einige dieser Akademien findet Ihr hier<a class=\"moretag\" href=\"https:\/\/max-emden.de\/wordpress\/schuelerakademien\/\"> [&#8230;]<\/a><\/p>\n","protected":false},"author":1,"featured_media":0,"parent":0,"menu_order":0,"comment_status":"closed","ping_status":"closed","template":"","meta":{"footnotes":""},"class_list":["post-9207","page","type-page","status-publish","hentry"],"_links":{"self":[{"href":"https:\/\/max-emden.de\/wordpress\/wp-json\/wp\/v2\/pages\/9207","targetHints":{"allow":["GET"]}}],"collection":[{"href":"https:\/\/max-emden.de\/wordpress\/wp-json\/wp\/v2\/pages"}],"about":[{"href":"https:\/\/max-emden.de\/wordpress\/wp-json\/wp\/v2\/types\/page"}],"author":[{"embeddable":true,"href":"https:\/\/max-emden.de\/wordpress\/wp-json\/wp\/v2\/users\/1"}],"replies":[{"embeddable":true,"href":"https:\/\/max-emden.de\/wordpress\/wp-json\/wp\/v2\/comments?post=9207"}],"version-history":[{"count":7,"href":"https:\/\/max-emden.de\/wordpress\/wp-json\/wp\/v2\/pages\/9207\/revisions"}],"predecessor-version":[{"id":18215,"href":"https:\/\/max-emden.de\/wordpress\/wp-json\/wp\/v2\/pages\/9207\/revisions\/18215"}],"wp:attachment":[{"href":"https:\/\/max-emden.de\/wordpress\/wp-json\/wp\/v2\/media?parent=9207"}],"curies":[{"name":"wp","href":"https:\/\/api.w.org\/{rel}","templated":true}]}}