{"id":9211,"date":"2020-03-26T12:55:33","date_gmt":"2020-03-26T12:55:33","guid":{"rendered":"http:\/\/max-emden.de\/wordpress\/?page_id=9211"},"modified":"2025-01-15T12:42:09","modified_gmt":"2025-01-15T11:42:09","slug":"null-problemo-ein-zertifikat-fuer-mathematisch-interessierte","status":"publish","type":"page","link":"https:\/\/max-emden.de\/wordpress\/null-problemo-ein-zertifikat-fuer-mathematisch-interessierte\/","title":{"rendered":"Null problemo &#8211; ein Zertifikat f\u00fcr mathematisch Interessierte"},"content":{"rendered":"<p>Trifft auf euch mindestens eine der folgenden Aussagen zu?<\/p>\n<p>\u201eICH L\u00d6SE GERNE R\u00c4TSEL \u2013 Z.B. MATHEMATISCHE ODER LOGISCHE.\u201c<\/p>\n<p>\u201eMir macht es Spa\u00df, Probleme zu analysieren und strukturiert zu l\u00f6sen.\u201c<\/p>\n<p>\u201eIch m\u00f6chte nicht nur wissen, dass etwas mathematisch korrekt ist, sondern auch warum dies so ist.\u201c<\/p>\n<p>\u201eIch m\u00f6chte gerne meine Probleml\u00f6sestrategien professionalisieren.\u201c<\/p>\n<p>\u201eIch vermisse im Mathematikunterricht Beweise und echte Herausforderungen.\u201c<\/p>\n<p>\u201eIch nehme gerade an Mathematikwettbewerben teil.\u201c<\/p>\n<p>Dann ist das Zertifikat \u201enull problemo \u2013 Mathematisches Probleml\u00f6sen\u201c der Universit\u00e4t Oldenburg \u2013 in Kooperation mit dem Gymnasium an der Willmsstra\u00dfe (Delmenhorst) \u2013 genau das Richtige f\u00fcr euch. Ihr k\u00f6nnt es erwerben, indem ihr die \u201enull problemo\u201c-Klausur am 3. Juli 2020 erfolgreich absolviert. W\u00e4hrend der Klausurvorbereitung werdet ihr euch mit allgemeinen Probleml\u00f6se- und Beweisstrategien besch\u00e4ftigen und dabei auch viel Interessantes \u00fcber Graphen, Rekursionen und das Extremalprinzip lernen. Dabei werdet ihr neue F\u00e4higkeiten entwickeln, die euch einen strukturierten und effektiven Umgang mit Problemen und letztlich das L\u00f6sen dieser erm\u00f6glichen werden \u2013 nicht nur in der Mathematik!<\/p>\n<p>Dass ihr \u00fcber beachtliche Probleml\u00f6sestrategien verf\u00fcgt, k\u00f6nnt ihr mithilfe des Zertifikats im Rahmen einer Bewerbung um eine Ausbildungsstelle, um einen Studienplatz, um ein Duales Studium oder um ein Stipendium nachweisen. Das Zertifikat hat also einen doppelten Wert: Ihr baut euer Wissen und eure F\u00e4higkeiten aus und erhaltet eine Aufwertung eures Lebenslaufes f\u00fcr Bewerbungszwecke. Beispielaufgaben (mit L\u00f6sungen) und weitere Informationen findet ihr auf der Homepage: <a href=\"https:\/\/uol.de\/nullproblemo\">https:\/\/uol.de\/nullproblemo<\/a><\/p>\n<div class=\"col-xs-12 col-sm-12 col-md-8 awaken-content-float\">\n<div id=\"primary\" class=\"content-area\">\n<p>&nbsp;<\/p>\n<article id=\"post-9217\" class=\"post-9217 page type-page status-publish hentry\">\n<div><\/div>\n<div class=\"entry-content\">Bei weiteren Fragen k\u00f6nnt Ihr Euch gerne an <a href=\"mailto:jochen.scheuermann@max-emden.net\">Herrn Scheuermann<\/a> wenden.<\/div>\n<\/article>\n<p>&nbsp;<\/p>\n<\/div>\n<\/div>\n","protected":false},"excerpt":{"rendered":"<p>Trifft auf euch mindestens eine der folgenden Aussagen zu? \u201eICH L\u00d6SE GERNE R\u00c4TSEL \u2013 Z.B. MATHEMATISCHE ODER LOGISCHE.\u201c \u201eMir macht es Spa\u00df, Probleme zu analysieren<a class=\"moretag\" href=\"https:\/\/max-emden.de\/wordpress\/null-problemo-ein-zertifikat-fuer-mathematisch-interessierte\/\"> [&#8230;]<\/a><\/p>\n","protected":false},"author":1,"featured_media":0,"parent":0,"menu_order":0,"comment_status":"closed","ping_status":"closed","template":"","meta":{"footnotes":""},"class_list":["post-9211","page","type-page","status-publish","hentry"],"_links":{"self":[{"href":"https:\/\/max-emden.de\/wordpress\/wp-json\/wp\/v2\/pages\/9211","targetHints":{"allow":["GET"]}}],"collection":[{"href":"https:\/\/max-emden.de\/wordpress\/wp-json\/wp\/v2\/pages"}],"about":[{"href":"https:\/\/max-emden.de\/wordpress\/wp-json\/wp\/v2\/types\/page"}],"author":[{"embeddable":true,"href":"https:\/\/max-emden.de\/wordpress\/wp-json\/wp\/v2\/users\/1"}],"replies":[{"embeddable":true,"href":"https:\/\/max-emden.de\/wordpress\/wp-json\/wp\/v2\/comments?post=9211"}],"version-history":[{"count":4,"href":"https:\/\/max-emden.de\/wordpress\/wp-json\/wp\/v2\/pages\/9211\/revisions"}],"predecessor-version":[{"id":18137,"href":"https:\/\/max-emden.de\/wordpress\/wp-json\/wp\/v2\/pages\/9211\/revisions\/18137"}],"wp:attachment":[{"href":"https:\/\/max-emden.de\/wordpress\/wp-json\/wp\/v2\/media?parent=9211"}],"curies":[{"name":"wp","href":"https:\/\/api.w.org\/{rel}","templated":true}]}}