{"id":9214,"date":"2020-03-26T12:56:52","date_gmt":"2020-03-26T12:56:52","guid":{"rendered":"http:\/\/max-emden.de\/wordpress\/?page_id=9214"},"modified":"2025-01-15T12:29:52","modified_gmt":"2025-01-15T11:29:52","slug":"stipendien","status":"publish","type":"page","link":"https:\/\/max-emden.de\/wordpress\/stipendien\/","title":{"rendered":"Stipendien"},"content":{"rendered":"<p>Stipendien k\u00f6nnen nicht nur f\u00fcr Studierende eine n\u00fctzliche Hilfe sein; auch Sch\u00fcler*innen k\u00f6nnen von den unterschiedlichsten M\u00f6glichkeiten der Unterst\u00fctzung profitieren. Von der F\u00f6rderung spezieller Forschungsprojekte \u00fcber Finanzierungshilfen bei Exkursionen oder der Anschaffung von Lernmaterialien und B\u00fcchern bis hin zu einer allgemeinen finanziellen Unterst\u00fctzung bieten viele Stiftungen diverse Stipendien an. Diese Angebote richten sich zum Teil an Sch\u00fcler*innen, die gut in der Schule sind, aber auch an solche, die einfach in bestimmten Bereichen besonders begabt oder interessiert sind. Ein Blick auf das Angebot lohnt sich auf jeden Fall. Eine gute \u00dcbersicht erh\u00e4lt man mit dem Begabungslotse: <a href=\"https:\/\/www.begabungslotse.de\/laender\/laenderspecial-niedersachsen\/stipendien\">https:\/\/www.begabungslotse.de\/laender\/laenderspecial-niedersachsen\/stipendien<\/a><\/p>\n<p class=\"margt0\"><a href=\"https:\/\/www.mk.niedersachsen.de\/startseite\/aktuelles\/presseinformationen\/-6286.html\">START-Sch\u00fclerstipendien: Bildung als Beitrag zur Integration junger Migranten<\/a><\/p>\n<p>&nbsp;<\/p>\n","protected":false},"excerpt":{"rendered":"<p>Stipendien k\u00f6nnen nicht nur f\u00fcr Studierende eine n\u00fctzliche Hilfe sein; auch Sch\u00fcler*innen k\u00f6nnen von den unterschiedlichsten M\u00f6glichkeiten der Unterst\u00fctzung profitieren. Von der F\u00f6rderung spezieller Forschungsprojekte<a class=\"moretag\" href=\"https:\/\/max-emden.de\/wordpress\/stipendien\/\"> [&#8230;]<\/a><\/p>\n","protected":false},"author":1,"featured_media":0,"parent":0,"menu_order":0,"comment_status":"closed","ping_status":"closed","template":"","meta":{"footnotes":""},"class_list":["post-9214","page","type-page","status-publish","hentry"],"_links":{"self":[{"href":"https:\/\/max-emden.de\/wordpress\/wp-json\/wp\/v2\/pages\/9214","targetHints":{"allow":["GET"]}}],"collection":[{"href":"https:\/\/max-emden.de\/wordpress\/wp-json\/wp\/v2\/pages"}],"about":[{"href":"https:\/\/max-emden.de\/wordpress\/wp-json\/wp\/v2\/types\/page"}],"author":[{"embeddable":true,"href":"https:\/\/max-emden.de\/wordpress\/wp-json\/wp\/v2\/users\/1"}],"replies":[{"embeddable":true,"href":"https:\/\/max-emden.de\/wordpress\/wp-json\/wp\/v2\/comments?post=9214"}],"version-history":[{"count":3,"href":"https:\/\/max-emden.de\/wordpress\/wp-json\/wp\/v2\/pages\/9214\/revisions"}],"predecessor-version":[{"id":18141,"href":"https:\/\/max-emden.de\/wordpress\/wp-json\/wp\/v2\/pages\/9214\/revisions\/18141"}],"wp:attachment":[{"href":"https:\/\/max-emden.de\/wordpress\/wp-json\/wp\/v2\/media?parent=9214"}],"curies":[{"name":"wp","href":"https:\/\/api.w.org\/{rel}","templated":true}]}}