{"id":9587,"date":"2020-07-17T08:11:31","date_gmt":"2020-07-17T08:11:31","guid":{"rendered":"http:\/\/max-emden.de\/wordpress\/?page_id=9587"},"modified":"2025-08-17T16:55:18","modified_gmt":"2025-08-17T14:55:18","slug":"esol-examinations","status":"publish","type":"page","link":"https:\/\/max-emden.de\/wordpress\/esol-examinations\/","title":{"rendered":"ESOL EXAMINATIONS"},"content":{"rendered":"<p><strong>ESOL EXAMINATIONS<\/strong><\/p>\n<p><strong>Sprachenzertifikate der Universit\u00e4t Cambridge<\/strong><\/p>\n<p>Cambridge English Language Assessment bietet Zertifikatspr\u00fcfungen auf Englisch f\u00fcr Nicht-Muttersprachler an. Die Abk\u00fcrzung <strong>ESOL<\/strong> steht dabei f\u00fcr \u201eEnglish for Speakers of Other Languages\u201c.<\/p>\n<p>Im Bereich \u201eAllgemeines Englisch\u201c k\u00f6nnen hier Pr\u00fcfungen in f\u00fcnf Niveaustufen abgelegt werden. Der Kurs richtet sich an interessierte Sch\u00fclerInnen, die sich auf Stufe drei und vier vorbereiten wollen: das <strong>Cambridge English First<\/strong> <strong>(CAF)<\/strong> und <strong>Cambridge English Advanced (CAE). <\/strong>Das CAF entspricht dem Gemeinsamen Europ\u00e4ischen Referenzrahmen (GER) f\u00fcr Fremdsprachenkenntnisse Stufe B2, das CAE entspricht Stufe C1, stellt das zweith\u00f6chste Niveau f\u00fcr Nicht-Muttersprachler dar und berechtigt zum Studium an Universit\u00e4ten in Gro\u00dfbritannien.<\/p>\n<p>Die Pr\u00fcfungen werden j\u00e4hrlich von mehr als vier Millionen Kandidaten in mehr als 130 L\u00e4ndern abgelegt und sind von 13.500 Hochschulen, Institutionen und Unternehmen weltweit anerkannt.<\/p>\n<p><strong>Wer: <\/strong>ab Jahrgang 7<\/p>\n<p><strong>Wann:<\/strong> Blocktermine<\/p>\n<p><strong>Wo:<\/strong> Max, R317<\/p>\n<p><strong>Leitung:<\/strong> Fr. Schilling<\/p>\n","protected":false},"excerpt":{"rendered":"<p>ESOL EXAMINATIONS Sprachenzertifikate der Universit\u00e4t Cambridge Cambridge English Language Assessment bietet Zertifikatspr\u00fcfungen auf Englisch f\u00fcr Nicht-Muttersprachler an. Die Abk\u00fcrzung ESOL steht dabei f\u00fcr \u201eEnglish for<a class=\"moretag\" href=\"https:\/\/max-emden.de\/wordpress\/esol-examinations\/\"> [&#8230;]<\/a><\/p>\n","protected":false},"author":1,"featured_media":0,"parent":0,"menu_order":0,"comment_status":"closed","ping_status":"closed","template":"","meta":{"footnotes":""},"class_list":["post-9587","page","type-page","status-publish","hentry"],"_links":{"self":[{"href":"https:\/\/max-emden.de\/wordpress\/wp-json\/wp\/v2\/pages\/9587","targetHints":{"allow":["GET"]}}],"collection":[{"href":"https:\/\/max-emden.de\/wordpress\/wp-json\/wp\/v2\/pages"}],"about":[{"href":"https:\/\/max-emden.de\/wordpress\/wp-json\/wp\/v2\/types\/page"}],"author":[{"embeddable":true,"href":"https:\/\/max-emden.de\/wordpress\/wp-json\/wp\/v2\/users\/1"}],"replies":[{"embeddable":true,"href":"https:\/\/max-emden.de\/wordpress\/wp-json\/wp\/v2\/comments?post=9587"}],"version-history":[{"count":3,"href":"https:\/\/max-emden.de\/wordpress\/wp-json\/wp\/v2\/pages\/9587\/revisions"}],"predecessor-version":[{"id":20093,"href":"https:\/\/max-emden.de\/wordpress\/wp-json\/wp\/v2\/pages\/9587\/revisions\/20093"}],"wp:attachment":[{"href":"https:\/\/max-emden.de\/wordpress\/wp-json\/wp\/v2\/media?parent=9587"}],"curies":[{"name":"wp","href":"https:\/\/api.w.org\/{rel}","templated":true}]}}